{"id":114711,"date":"2024-12-07T15:21:11","date_gmt":"2024-12-07T14:21:11","guid":{"rendered":"https:\/\/secureus.se\/?post_type=product&#038;p=114711"},"modified":"2026-01-12T12:35:24","modified_gmt":"2026-01-12T11:35:24","slug":"bladderstall-function-wall-module-20","status":"publish","type":"product","link":"https:\/\/secureus.se\/dk\/bladderstall-function-wall-module-20\/","title":{"rendered":"Flip rack FUNKTIONS V\u00c6G MODUL 20"},"content":{"rendered":"<p>V\u00e6gholder FUNKTION i metal til 20 A4 paneler. Monteres p\u00e5 v\u00e6ggen, skrue og stik medf\u00f8lger. Lommer (rammer, paneler) bestilles separat. 5 \u00e5rs garanti.<br \/>\nTilbeh\u00f8r: SHERPA\u00b0PANEL artikelnummer 5606 i forskellige farver. Headerholder 560919 eller 560319<\/p>","protected":false},"excerpt":{"rendered":"<p>Tomt v\u00e6gstativ FUNKTION i metal til 20 paneler i A4.<\/p>","protected":false},"featured_media":135280,"template":"","meta":{"_acf_changed":false},"product_brand":[],"product_cat":[4301],"product_tag":[4393],"class_list":{"0":"post-114711","1":"product","2":"type-product","3":"status-publish","4":"has-post-thumbnail","6":"product_cat-tillbehor-till-bladderpanelsystem","7":"product_tag-gra","8":"product_shipping_class-tunga-paket","9":"pa_brands-durable","10":"pa_farg-gra","11":"tm-no-options","13":"first","14":"instock","15":"sale","16":"taxable","17":"shipping-taxable","18":"purchasable","19":"product-type-simple"},"acf":[],"_links":{"self":[{"href":"https:\/\/secureus.se\/dk\/wp-json\/wp\/v2\/product\/114711","targetHints":{"allow":["GET"]}}],"collection":[{"href":"https:\/\/secureus.se\/dk\/wp-json\/wp\/v2\/product"}],"about":[{"href":"https:\/\/secureus.se\/dk\/wp-json\/wp\/v2\/types\/product"}],"wp:featuredmedia":[{"embeddable":true,"href":"https:\/\/secureus.se\/dk\/wp-json\/wp\/v2\/media\/135280"}],"wp:attachment":[{"href":"https:\/\/secureus.se\/dk\/wp-json\/wp\/v2\/media?parent=114711"}],"wp:term":[{"taxonomy":"product_brand","embeddable":true,"href":"https:\/\/secureus.se\/dk\/wp-json\/wp\/v2\/product_brand?post=114711"},{"taxonomy":"product_cat","embeddable":true,"href":"https:\/\/secureus.se\/dk\/wp-json\/wp\/v2\/product_cat?post=114711"},{"taxonomy":"product_tag","embeddable":true,"href":"https:\/\/secureus.se\/dk\/wp-json\/wp\/v2\/product_tag?post=114711"}],"curies":[{"name":"wp","href":"https:\/\/api.w.org\/{rel}","templated":true}]}}