{"id":114760,"date":"2024-11-20T14:41:48","date_gmt":"2024-11-20T13:41:48","guid":{"rendered":"https:\/\/secureus.se\/?post_type=product&#038;p=114760"},"modified":"2026-01-12T12:29:03","modified_gmt":"2026-01-12T11:29:03","slug":"magnetram-duraframe-magnetic-top-for-a3","status":"publish","type":"product","link":"https:\/\/secureus.se\/dk\/magnetram-duraframe-magnetic-top-for-a3\/","title":{"rendered":"Magnetisk ramme DURAFRAME\u00ae MAGNETISK TOP til A3"},"content":{"rendered":"<p>Strukturinformation om metalunderlag s\u00e5som whiteboards med klare og stilfulde overskrifter ved hj\u00e6lp af magnetisk kl\u00e6bende informationsrammer DURAFRAME\u00ae MAGNETIC TOP. Hovedrammerne er nemme at bruge - bare fastg\u00f8r, flyt rundt eller fjern fra basen efter behov. Kan ogs\u00e5 bruges som magnetiske navneskilte, f.eks. navne p\u00e5 omkl\u00e6dningsskabe. Skab professionelle overskrifter ved hj\u00e6lp af skabeloner i det gratis program DURAPRINT\u00ae, tilg\u00e6ngeligt p\u00e5 www.duraprint.se.<br \/>\nEtiketm\u00e5l: 297\u00d740 mm for overskrift til A3 st\u00e5ende eller A4 liggende format<br \/>\nYderm\u00e5l: 323\u00d766 mm.<br \/>\nEmballage med 5 stk.<\/p>","protected":false},"excerpt":{"rendered":"<p>Magnetisk ramme til stilfulde overskrifter til dokumenter i A3 st\u00e5ende eller A4 liggende format.<\/p>","protected":false},"featured_media":133399,"template":"","meta":{"_acf_changed":false},"product_brand":[],"product_cat":[4295],"product_tag":[4381],"class_list":{"0":"post-114760","1":"product","2":"type-product","3":"status-publish","4":"has-post-thumbnail","6":"product_cat-inforamar-for-metallytor","7":"product_tag-svart","8":"product_shipping_class-tunga-paket","9":"pa_brands-durable","10":"pa_farg-svart","11":"tm-no-options","13":"first","14":"instock","15":"sale","16":"taxable","17":"shipping-taxable","18":"purchasable","19":"product-type-simple"},"acf":[],"_links":{"self":[{"href":"https:\/\/secureus.se\/dk\/wp-json\/wp\/v2\/product\/114760","targetHints":{"allow":["GET"]}}],"collection":[{"href":"https:\/\/secureus.se\/dk\/wp-json\/wp\/v2\/product"}],"about":[{"href":"https:\/\/secureus.se\/dk\/wp-json\/wp\/v2\/types\/product"}],"wp:featuredmedia":[{"embeddable":true,"href":"https:\/\/secureus.se\/dk\/wp-json\/wp\/v2\/media\/133399"}],"wp:attachment":[{"href":"https:\/\/secureus.se\/dk\/wp-json\/wp\/v2\/media?parent=114760"}],"wp:term":[{"taxonomy":"product_brand","embeddable":true,"href":"https:\/\/secureus.se\/dk\/wp-json\/wp\/v2\/product_brand?post=114760"},{"taxonomy":"product_cat","embeddable":true,"href":"https:\/\/secureus.se\/dk\/wp-json\/wp\/v2\/product_cat?post=114760"},{"taxonomy":"product_tag","embeddable":true,"href":"https:\/\/secureus.se\/dk\/wp-json\/wp\/v2\/product_tag?post=114760"}],"curies":[{"name":"wp","href":"https:\/\/api.w.org\/{rel}","templated":true}]}}