{"id":114777,"date":"2024-11-20T14:04:20","date_gmt":"2024-11-20T13:04:20","guid":{"rendered":"https:\/\/secureus.se\/?post_type=product&#038;p=114777"},"modified":"2026-01-12T12:10:09","modified_gmt":"2026-01-12T11:10:09","slug":"forsta-hjalpen-skap-first-aid-box-large-tom","status":"publish","type":"product","link":"https:\/\/secureus.se\/dk\/forsta-hjalpen-skap-first-aid-box-large-tom\/","title":{"rendered":"F\u00f8rstehj\u00e6lpsskab F\u00d8RSTEHJ\u00c6LPSBOKS Stor (tom)"},"content":{"rendered":"<p>Saml f\u00f8rstehj\u00e6lpsudstyr, hovedpinetabletter og lignende p\u00e5 \u00e9t sted, s\u00e5 det er let tilg\u00e6ngeligt ved behov. Designet f\u00f8rstehj\u00e6lpsskab af aluminium med 3 drejelige rum, der kan fyldes med indhold efter behov. Skruer og plugs til v\u00e6gmontering og et selvkl\u00e6bende f\u00f8rstehj\u00e6lpsskilt medf\u00f8lger. Cylinderl\u00e5s inklusive 2 n\u00f8gler g\u00f8r skabet afl\u00e5seligt. M\u00e5l: 40x30x12cm HxBxD.<br \/>\nTilbeh\u00f8r: S\u00e6t med forbindingsartikler, vare nr. 197500<\/p>","protected":false},"excerpt":{"rendered":"<p>F\u00f8rstehj\u00e6lpsskab i aluminium med tre rum.<\/p>","protected":false},"featured_media":155440,"template":"","meta":{"_acf_changed":false},"product_brand":[],"product_cat":[1573],"product_tag":[4382],"class_list":{"0":"post-114777","1":"product","2":"type-product","3":"status-publish","4":"has-post-thumbnail","6":"product_cat-forsta-hjalpen","7":"product_tag-silver","8":"product_shipping_class-tunga-paket","9":"pa_brands-durable","10":"pa_farg-silver","11":"tm-no-options","13":"first","14":"instock","15":"sale","16":"taxable","17":"shipping-taxable","18":"purchasable","19":"product-type-simple"},"acf":[],"_links":{"self":[{"href":"https:\/\/secureus.se\/dk\/wp-json\/wp\/v2\/product\/114777","targetHints":{"allow":["GET"]}}],"collection":[{"href":"https:\/\/secureus.se\/dk\/wp-json\/wp\/v2\/product"}],"about":[{"href":"https:\/\/secureus.se\/dk\/wp-json\/wp\/v2\/types\/product"}],"wp:featuredmedia":[{"embeddable":true,"href":"https:\/\/secureus.se\/dk\/wp-json\/wp\/v2\/media\/155440"}],"wp:attachment":[{"href":"https:\/\/secureus.se\/dk\/wp-json\/wp\/v2\/media?parent=114777"}],"wp:term":[{"taxonomy":"product_brand","embeddable":true,"href":"https:\/\/secureus.se\/dk\/wp-json\/wp\/v2\/product_brand?post=114777"},{"taxonomy":"product_cat","embeddable":true,"href":"https:\/\/secureus.se\/dk\/wp-json\/wp\/v2\/product_cat?post=114777"},{"taxonomy":"product_tag","embeddable":true,"href":"https:\/\/secureus.se\/dk\/wp-json\/wp\/v2\/product_tag?post=114777"}],"curies":[{"name":"wp","href":"https:\/\/api.w.org\/{rel}","templated":true}]}}