{"id":114787,"date":"2024-11-20T14:07:55","date_gmt":"2024-11-20T13:07:55","guid":{"rendered":"https:\/\/secureus.se\/?post_type=product&#038;p=114787"},"modified":"2026-01-12T12:57:03","modified_gmt":"2026-01-12T11:57:03","slug":"flexiboxx-a4-staende-utbyggnadfack-2","status":"publish","type":"product","link":"https:\/\/secureus.se\/dk\/flexiboxx-a4-staende-utbyggnadfack-2\/","title":{"rendered":"FLEXIBOXX A4 lodret forl\u00e6ngerrum"},"content":{"rendered":"<p>Formularrum, brochurestativ, postkasse - FLEXIBOXX er en serie af pladsbesparende, fleksible og v\u00e6gmonterede holdere til brochurer, magasiner, formularer og anden information i A4-format. Hvert rum har en kapacitet p\u00e5 24 mm tykke bundter. Dette enkelt rum i lodret format kan bruges til at udvide s\u00e6t, hvor du allerede har frontpanelet. Rummets m\u00e5l er 24x34x3 cm (BxHxD) og monteret vinklet ud fra v\u00e6ggen bygger det 1,35 cm.<br \/>\nTilbeh\u00f8r: Transparent frontplade varenummer 1701498400<\/p>","protected":false},"excerpt":{"rendered":"<p>Udvidelsesrum til udvidelse af brochurerum FLEXIBOXX A4 portr\u00e6tformat.<\/p>","protected":false},"featured_media":133861,"template":"","meta":{"_acf_changed":false},"product_brand":[],"product_cat":[4280],"product_tag":[4381],"class_list":{"0":"post-114787","1":"product","2":"type-product","3":"status-publish","4":"has-post-thumbnail","6":"product_cat-broschyrstall","7":"product_tag-svart","8":"product_shipping_class-tunga-paket","9":"pa_brands-durable","10":"pa_farg-svart","11":"tm-no-options","13":"first","14":"instock","15":"sale","16":"taxable","17":"shipping-taxable","18":"purchasable","19":"product-type-simple"},"acf":[],"_links":{"self":[{"href":"https:\/\/secureus.se\/dk\/wp-json\/wp\/v2\/product\/114787","targetHints":{"allow":["GET"]}}],"collection":[{"href":"https:\/\/secureus.se\/dk\/wp-json\/wp\/v2\/product"}],"about":[{"href":"https:\/\/secureus.se\/dk\/wp-json\/wp\/v2\/types\/product"}],"wp:featuredmedia":[{"embeddable":true,"href":"https:\/\/secureus.se\/dk\/wp-json\/wp\/v2\/media\/133861"}],"wp:attachment":[{"href":"https:\/\/secureus.se\/dk\/wp-json\/wp\/v2\/media?parent=114787"}],"wp:term":[{"taxonomy":"product_brand","embeddable":true,"href":"https:\/\/secureus.se\/dk\/wp-json\/wp\/v2\/product_brand?post=114787"},{"taxonomy":"product_cat","embeddable":true,"href":"https:\/\/secureus.se\/dk\/wp-json\/wp\/v2\/product_cat?post=114787"},{"taxonomy":"product_tag","embeddable":true,"href":"https:\/\/secureus.se\/dk\/wp-json\/wp\/v2\/product_tag?post=114787"}],"curies":[{"name":"wp","href":"https:\/\/api.w.org\/{rel}","templated":true}]}}