{"id":114815,"date":"2024-11-20T14:07:56","date_gmt":"2024-11-20T13:07:56","guid":{"rendered":"https:\/\/secureus.se\/?post_type=product&#038;p=114815"},"modified":"2026-01-12T12:57:06","modified_gmt":"2026-01-12T11:57:06","slug":"flexiplus-6-a4-liggande-brochyrfack","status":"publish","type":"product","link":"https:\/\/secureus.se\/dk\/flexiplus-6-a4-liggande-brochyrfack\/","title":{"rendered":"FLEXIPLUS 6 A4 landskabsbrochurebakke"},"content":{"rendered":"<p>Formbakker, brochurestativer, brevbakker - FLEXIPLUS er en serie af pladsbesparende, fleksible og v\u00e6gmonterede holdere til brochurer, magasiner, formularer og anden information i A4-format. Hvert rum har en kapacitet p\u00e5 24 mm tykke bundter. Dette er et komplet s\u00e6t med 6 rum i liggende format, hvor rummene kan samles eller bruges separat. Der medf\u00f8lger et s\u00e6t skruer og propper. Hvert rum m\u00e5ler 34\u00d719,5\u00d73,5 cm (BxHxD). Monteret vinklet ud fra v\u00e6ggen bygger den 10 cm og har en bredde p\u00e5 34 cm og er 52 cm h\u00f8j, n\u00e5r alle 6 rum er samlet. Kan bygges p\u00e5 med flere rum efter behov ved at h\u00e6gte rummene p\u00e5 efter hinanden.<br \/>\nTilbeh\u00f8r: Flere rum i s\u00e6t af 2, artikelnummer 1709014400<\/p>","protected":false},"excerpt":{"rendered":"<p>Komplet s\u00e6t med 6 h\u00e6ftebakker FLEXIPLUS A4 i liggende format.<\/p>","protected":false},"featured_media":133673,"template":"","meta":{"_acf_changed":false},"product_brand":[],"product_cat":[4280],"product_tag":[4376],"class_list":{"0":"post-114815","1":"product","2":"type-product","3":"status-publish","4":"has-post-thumbnail","6":"product_cat-broschyrstall","7":"product_tag-transparent","8":"product_shipping_class-tunga-paket","9":"pa_brands-durable","10":"pa_farg-transparent","11":"tm-no-options","13":"first","14":"instock","15":"sale","16":"taxable","17":"shipping-taxable","18":"purchasable","19":"product-type-simple"},"acf":[],"_links":{"self":[{"href":"https:\/\/secureus.se\/dk\/wp-json\/wp\/v2\/product\/114815","targetHints":{"allow":["GET"]}}],"collection":[{"href":"https:\/\/secureus.se\/dk\/wp-json\/wp\/v2\/product"}],"about":[{"href":"https:\/\/secureus.se\/dk\/wp-json\/wp\/v2\/types\/product"}],"wp:featuredmedia":[{"embeddable":true,"href":"https:\/\/secureus.se\/dk\/wp-json\/wp\/v2\/media\/133673"}],"wp:attachment":[{"href":"https:\/\/secureus.se\/dk\/wp-json\/wp\/v2\/media?parent=114815"}],"wp:term":[{"taxonomy":"product_brand","embeddable":true,"href":"https:\/\/secureus.se\/dk\/wp-json\/wp\/v2\/product_brand?post=114815"},{"taxonomy":"product_cat","embeddable":true,"href":"https:\/\/secureus.se\/dk\/wp-json\/wp\/v2\/product_cat?post=114815"},{"taxonomy":"product_tag","embeddable":true,"href":"https:\/\/secureus.se\/dk\/wp-json\/wp\/v2\/product_tag?post=114815"}],"curies":[{"name":"wp","href":"https:\/\/api.w.org\/{rel}","templated":true}]}}