{"id":114842,"date":"2024-11-20T13:58:42","date_gmt":"2024-11-20T12:58:42","guid":{"rendered":"https:\/\/secureus.se\/?post_type=product&#038;p=114842"},"modified":"2026-01-12T12:31:13","modified_gmt":"2026-01-12T11:31:13","slug":"inforam-duraframe-poster-a1","status":"publish","type":"product","link":"https:\/\/secureus.se\/dk\/inforam-duraframe-poster-a1\/","title":{"rendered":"Inforamme DURAFRAME\u00ae POSTER A1"},"content":{"rendered":"<p>Brug DURAFRAME\u00ae POSTER inforammer til at vise og pr\u00e6sentere kampagnetilbud, \u00e5bningstider, annoncer osv. p\u00e5 en professionel m\u00e5de i butiksvinduer, p\u00e5 v\u00e6gge eller glaspartier.<br \/>\nRammen holdes sammen med flade magneter langs langsiderne og det er nemt at inds\u00e6tte eller \u00e6ndre beskeder ved at l\u00f8fte fronten. Nem at montere - glat og flot uden bobler - med to selvkl\u00e6bende strimler p\u00e5 bagsidens korte sider. Plakatrammen kan fjernes fra glatte og solide overflader uden at efterlade rester. P\u00e6nere end tape! Rammen rummer 2 plakater (150gr papir) og kan l\u00e6ses fra begge sider med samme flotte ramme p\u00e5 forsiden som p\u00e5 bagsiden. Fremstillet af PET-plast.<br \/>\nVarmebestandig op til 70\u00b0 og UV-stabil op til 2 \u00e5r. Til plakater i A1 st\u00e5ende eller liggende format. Yderm\u00e5l 639 x 886 mm.<br \/>\nFarve: sort<br \/>\nPraktisk pladsbesparende emballage med 1 roll-up ramme<\/p>","protected":false},"excerpt":{"rendered":"<p>Inforamme til information og plakater i A1-format. Til butiksvinduer, v\u00e6gge og glaspartier.<\/p>","protected":false},"featured_media":134981,"template":"","meta":{"_acf_changed":false},"product_brand":[],"product_cat":[4294],"product_tag":[4381],"class_list":{"0":"post-114842","1":"product","2":"type-product","3":"status-publish","4":"has-post-thumbnail","6":"product_cat-inforamar-for-solexponerade-ytor","7":"product_tag-svart","8":"product_shipping_class-tunga-paket","9":"pa_brands-durable","10":"pa_farg-svart","11":"tm-no-options","13":"first","14":"instock","15":"sale","16":"taxable","17":"shipping-taxable","18":"purchasable","19":"product-type-simple"},"acf":[],"_links":{"self":[{"href":"https:\/\/secureus.se\/dk\/wp-json\/wp\/v2\/product\/114842","targetHints":{"allow":["GET"]}}],"collection":[{"href":"https:\/\/secureus.se\/dk\/wp-json\/wp\/v2\/product"}],"about":[{"href":"https:\/\/secureus.se\/dk\/wp-json\/wp\/v2\/types\/product"}],"wp:featuredmedia":[{"embeddable":true,"href":"https:\/\/secureus.se\/dk\/wp-json\/wp\/v2\/media\/134981"}],"wp:attachment":[{"href":"https:\/\/secureus.se\/dk\/wp-json\/wp\/v2\/media?parent=114842"}],"wp:term":[{"taxonomy":"product_brand","embeddable":true,"href":"https:\/\/secureus.se\/dk\/wp-json\/wp\/v2\/product_brand?post=114842"},{"taxonomy":"product_cat","embeddable":true,"href":"https:\/\/secureus.se\/dk\/wp-json\/wp\/v2\/product_cat?post=114842"},{"taxonomy":"product_tag","embeddable":true,"href":"https:\/\/secureus.se\/dk\/wp-json\/wp\/v2\/product_tag?post=114842"}],"curies":[{"name":"wp","href":"https:\/\/api.w.org\/{rel}","templated":true}]}}