{"id":114844,"date":"2024-11-20T14:09:55","date_gmt":"2024-11-20T13:09:55","guid":{"rendered":"https:\/\/secureus.se\/?post_type=product&#038;p=114844"},"modified":"2026-03-11T14:43:33","modified_gmt":"2026-03-11T13:43:33","slug":"flexiplus-2-a4-liggande-broschyrfack-2","status":"publish","type":"product","link":"https:\/\/secureus.se\/dk\/flexiplus-2-a4-liggande-broschyrfack-2\/","title":{"rendered":"FLEXIPLUS 2 A4 landskabsbrochurebakke"},"content":{"rendered":"<p>Formularbakker, brochureholdere, postbakker \u2013 FLEXIPLUS er en serie pladsbesparende, fleksible og v\u00e6gmonterede holdere til brochurer, magasiner, formularer og anden information i A4-format. Hver bakke har en kapacitet p\u00e5 24 mm tykke bundter. Dette er et komplet s\u00e6t med 2 bakker i liggende format, hvor bakkerne kan samles sammen eller bruges separat. Et s\u00e6t skruer og plugs medf\u00f8lger. M\u00e5lene p\u00e5 hver bakke er 34\u00d719,5\u00d73,5 cm (BxHxD). Monteret i en vinkel fra v\u00e6ggen er den 10 cm h\u00f8j og har en bredde p\u00e5 34 cm og er 25 cm h\u00f8j, n\u00e5r begge bakker er samlet. Kan bygges med flere bakker efter behov ved at h\u00e6gte bakkerne sammen efter hinanden.<\/p>","protected":false},"excerpt":{"rendered":"<p>Komplet s\u00e6t med 2 h\u00e6ftebakker FLEXIPLUS A4 i liggende format.<\/p>","protected":false},"featured_media":133841,"template":"","meta":{"_acf_changed":false},"product_brand":[],"product_cat":[4280],"product_tag":[4381],"class_list":{"0":"post-114844","1":"product","2":"type-product","3":"status-publish","4":"has-post-thumbnail","6":"product_cat-broschyrstall","7":"product_tag-svart","8":"product_shipping_class-tunga-paket","9":"pa_brands-durable","10":"pa_farg-svart","11":"tm-no-options","13":"first","14":"instock","15":"sale","16":"taxable","17":"shipping-taxable","18":"purchasable","19":"product-type-simple"},"acf":[],"_links":{"self":[{"href":"https:\/\/secureus.se\/dk\/wp-json\/wp\/v2\/product\/114844","targetHints":{"allow":["GET"]}}],"collection":[{"href":"https:\/\/secureus.se\/dk\/wp-json\/wp\/v2\/product"}],"about":[{"href":"https:\/\/secureus.se\/dk\/wp-json\/wp\/v2\/types\/product"}],"wp:featuredmedia":[{"embeddable":true,"href":"https:\/\/secureus.se\/dk\/wp-json\/wp\/v2\/media\/133841"}],"wp:attachment":[{"href":"https:\/\/secureus.se\/dk\/wp-json\/wp\/v2\/media?parent=114844"}],"wp:term":[{"taxonomy":"product_brand","embeddable":true,"href":"https:\/\/secureus.se\/dk\/wp-json\/wp\/v2\/product_brand?post=114844"},{"taxonomy":"product_cat","embeddable":true,"href":"https:\/\/secureus.se\/dk\/wp-json\/wp\/v2\/product_cat?post=114844"},{"taxonomy":"product_tag","embeddable":true,"href":"https:\/\/secureus.se\/dk\/wp-json\/wp\/v2\/product_tag?post=114844"}],"curies":[{"name":"wp","href":"https:\/\/api.w.org\/{rel}","templated":true}]}}