{"id":114848,"date":"2024-11-20T13:55:59","date_gmt":"2024-11-20T12:55:59","guid":{"rendered":"https:\/\/secureus.se\/?post_type=product&#038;p=114848"},"modified":"2026-01-12T12:26:32","modified_gmt":"2026-01-12T11:26:32","slug":"dorrskylt-click-sign-149x1485-2","status":"publish","type":"product","link":"https:\/\/secureus.se\/dk\/dorrskylt-click-sign-149x1485-2\/","title":{"rendered":"D\u00f8rskilt KLIKSKILT 149\u00d7148,5"},"content":{"rendered":"<p>D\u00f8r- og v\u00e6gskilte i forskellige udformninger hj\u00e6lper bes\u00f8gende med at orientere sig og informere om hvem, hvilken afdeling, funktion eller konferencelokale, der ligger hvor i lokalerne. CLICK SIGN skilteserien f\u00e5s i fire farver for muligheden for at have forskellige farver i forskellige afdelinger eller etager eller simpelthen fordi det er en farve der passer til virksomheden. CLICK SIGN har et nedf\u00e6ldeligt frontpanel, bag hvilket det hvide ark med tekst sidder beskyttet. Skrue, prop og selvkl\u00e6bende strimler medf\u00f8lger i monteringss\u00e6ttet, samt monteringsvejledning og hvid indsatsplade. Design dette skilt (149\u00d7148,5) ved hj\u00e6lp af det gratis program DURAPRINT\u00ae tilg\u00e6ngeligt p\u00e5 www.duraprint.se og print p\u00e5 A4-ark, som bestilles separat.<br \/>\nTilbeh\u00f8r: A4-ark til print i laserprinter, artikelnummer 485202<\/p>","protected":false},"excerpt":{"rendered":"<p>D\u00f8rskilt i plast med b\u00f8rstet karm i format 149\u00d7148,5mm.<\/p>","protected":false},"featured_media":134709,"template":"","meta":{"_acf_changed":false},"product_brand":[],"product_cat":[4263],"product_tag":[4387],"class_list":{"0":"post-114848","1":"product","2":"type-product","3":"status-publish","4":"has-post-thumbnail","6":"product_cat-dorrskyltar-i-plast","7":"product_tag-bla","8":"product_shipping_class-tunga-paket","9":"pa_brands-durable","10":"pa_farg-bla","11":"tm-no-options","13":"first","14":"instock","15":"sale","16":"taxable","17":"shipping-taxable","18":"purchasable","19":"product-type-simple"},"acf":[],"_links":{"self":[{"href":"https:\/\/secureus.se\/dk\/wp-json\/wp\/v2\/product\/114848","targetHints":{"allow":["GET"]}}],"collection":[{"href":"https:\/\/secureus.se\/dk\/wp-json\/wp\/v2\/product"}],"about":[{"href":"https:\/\/secureus.se\/dk\/wp-json\/wp\/v2\/types\/product"}],"wp:featuredmedia":[{"embeddable":true,"href":"https:\/\/secureus.se\/dk\/wp-json\/wp\/v2\/media\/134709"}],"wp:attachment":[{"href":"https:\/\/secureus.se\/dk\/wp-json\/wp\/v2\/media?parent=114848"}],"wp:term":[{"taxonomy":"product_brand","embeddable":true,"href":"https:\/\/secureus.se\/dk\/wp-json\/wp\/v2\/product_brand?post=114848"},{"taxonomy":"product_cat","embeddable":true,"href":"https:\/\/secureus.se\/dk\/wp-json\/wp\/v2\/product_cat?post=114848"},{"taxonomy":"product_tag","embeddable":true,"href":"https:\/\/secureus.se\/dk\/wp-json\/wp\/v2\/product_tag?post=114848"}],"curies":[{"name":"wp","href":"https:\/\/api.w.org\/{rel}","templated":true}]}}