{"id":114897,"date":"2025-01-07T11:02:23","date_gmt":"2025-01-07T10:02:23","guid":{"rendered":"https:\/\/secureus.se\/?post_type=product&#038;p=114897"},"modified":"2026-01-12T12:37:34","modified_gmt":"2026-01-12T11:37:34","slug":"bladderpanel-function-panel-a4-5","status":"publish","type":"product","link":"https:\/\/secureus.se\/dk\/bladderpanel-function-panel-a4-5\/","title":{"rendered":"Flippanel FUNKTIONSPANEL A4"},"content":{"rendered":"<p>Holdbart, scanbart panel til A4-format dokumenter med farvet yderkant og faste sidehovedholdere i forskellige farver. Til brug i oversigtssystemer med pigge integreret i holderen. \u00c5bning \u00f8verst til \u00e6ndring af dokumenter. Universelt perforeret til ogs\u00e5 at passe i bindere. Minimumsk\u00f8b er en pakke med 5 paneler.<\/p>","protected":false},"excerpt":{"rendered":"<p>Plastlomme med faste etiketholdere. Velegnet til borde og v\u00e6gstandere, der har piggene integreret i beslaget.<\/p>","protected":false},"featured_media":134817,"template":"","meta":{"_acf_changed":false},"product_brand":[],"product_cat":[4301],"product_tag":[4395],"class_list":{"0":"post-114897","1":"product","2":"type-product","3":"status-publish","4":"has-post-thumbnail","6":"product_cat-tillbehor-till-bladderpanelsystem","7":"product_tag-gul","8":"product_shipping_class-tunga-paket","9":"pa_brands-durable","10":"pa_farg-gul","11":"tm-no-options","13":"first","14":"instock","15":"sale","16":"taxable","17":"shipping-taxable","18":"purchasable","19":"product-type-simple"},"acf":[],"_links":{"self":[{"href":"https:\/\/secureus.se\/dk\/wp-json\/wp\/v2\/product\/114897","targetHints":{"allow":["GET"]}}],"collection":[{"href":"https:\/\/secureus.se\/dk\/wp-json\/wp\/v2\/product"}],"about":[{"href":"https:\/\/secureus.se\/dk\/wp-json\/wp\/v2\/types\/product"}],"wp:featuredmedia":[{"embeddable":true,"href":"https:\/\/secureus.se\/dk\/wp-json\/wp\/v2\/media\/134817"}],"wp:attachment":[{"href":"https:\/\/secureus.se\/dk\/wp-json\/wp\/v2\/media?parent=114897"}],"wp:term":[{"taxonomy":"product_brand","embeddable":true,"href":"https:\/\/secureus.se\/dk\/wp-json\/wp\/v2\/product_brand?post=114897"},{"taxonomy":"product_cat","embeddable":true,"href":"https:\/\/secureus.se\/dk\/wp-json\/wp\/v2\/product_cat?post=114897"},{"taxonomy":"product_tag","embeddable":true,"href":"https:\/\/secureus.se\/dk\/wp-json\/wp\/v2\/product_tag?post=114897"}],"curies":[{"name":"wp","href":"https:\/\/api.w.org\/{rel}","templated":true}]}}