{"id":114942,"date":"2025-01-07T11:02:23","date_gmt":"2025-01-07T10:02:23","guid":{"rendered":"https:\/\/secureus.se\/?post_type=product&#038;p=114942"},"modified":"2026-01-12T12:36:45","modified_gmt":"2026-01-12T11:36:45","slug":"bladderpanel-function-panel-safe-a4","status":"publish","type":"product","link":"https:\/\/secureus.se\/dk\/bladderpanel-function-panel-safe-a4\/","title":{"rendered":"Flippanel FUNKTIONSPANEL SIKKER A4"},"content":{"rendered":"<p>Panel til A4-format dokumenter, der holdes beskyttet mod snavs, st\u00f8v og fugt takket v\u00e6re lynl\u00e5slukningen p\u00e5 siden. Med faste hovedholdere. Til brug i oversigtssystemer med pigge integreret i holderen. Med faste hovedholdere og universalhuller til ogs\u00e5 at passe i ringbind. Minimumsk\u00f8b er en pakke med 5 paneler.<\/p>","protected":false},"excerpt":{"rendered":"<p>Plastlomme med lynl\u00e5slukning i siden og faste etiketholdere. Velegnet til borde og v\u00e6gstandere, der har piggene integreret i beslaget.<\/p>","protected":false},"featured_media":134923,"template":"","meta":{"_acf_changed":false},"product_brand":[],"product_cat":[4301],"product_tag":[4376],"class_list":{"0":"post-114942","1":"product","2":"type-product","3":"status-publish","4":"has-post-thumbnail","6":"product_cat-tillbehor-till-bladderpanelsystem","7":"product_tag-transparent","8":"product_shipping_class-tunga-paket","9":"pa_brands-durable","10":"pa_farg-transparent","11":"tm-no-options","13":"first","14":"instock","15":"sale","16":"taxable","17":"shipping-taxable","18":"purchasable","19":"product-type-simple"},"acf":[],"_links":{"self":[{"href":"https:\/\/secureus.se\/dk\/wp-json\/wp\/v2\/product\/114942","targetHints":{"allow":["GET"]}}],"collection":[{"href":"https:\/\/secureus.se\/dk\/wp-json\/wp\/v2\/product"}],"about":[{"href":"https:\/\/secureus.se\/dk\/wp-json\/wp\/v2\/types\/product"}],"wp:featuredmedia":[{"embeddable":true,"href":"https:\/\/secureus.se\/dk\/wp-json\/wp\/v2\/media\/134923"}],"wp:attachment":[{"href":"https:\/\/secureus.se\/dk\/wp-json\/wp\/v2\/media?parent=114942"}],"wp:term":[{"taxonomy":"product_brand","embeddable":true,"href":"https:\/\/secureus.se\/dk\/wp-json\/wp\/v2\/product_brand?post=114942"},{"taxonomy":"product_cat","embeddable":true,"href":"https:\/\/secureus.se\/dk\/wp-json\/wp\/v2\/product_cat?post=114942"},{"taxonomy":"product_tag","embeddable":true,"href":"https:\/\/secureus.se\/dk\/wp-json\/wp\/v2\/product_tag?post=114942"}],"curies":[{"name":"wp","href":"https:\/\/api.w.org\/{rel}","templated":true}]}}