{"id":114953,"date":"2024-11-20T14:10:57","date_gmt":"2024-11-20T13:10:57","guid":{"rendered":"https:\/\/secureus.se\/?post_type=product&#038;p=114953"},"modified":"2026-01-12T12:00:34","modified_gmt":"2026-01-12T11:00:34","slug":"halkskyddstejp-duraline-grip-25-mm-2","status":"publish","type":"product","link":"https:\/\/secureus.se\/dk\/halkskyddstejp-duraline-grip-25-mm-2\/","title":{"rendered":"Anti-slip tape Duraline Grip 25 mm"},"content":{"rendered":"<p>Anti-slip tape beregnet til indend\u00f8rs brug eller p\u00e5 beskyttede steder udend\u00f8rs, hvor der er risiko for at skride. Det kan v\u00e6re glatte gulve eller trin, stiger, skr\u00e5 ramper, pedaler og trin p\u00e5 maskiner og k\u00f8ret\u00f8jer. Dette er en 25 mm smal selvkl\u00e6bende tape med en medium kornst\u00f8rrelse, der giver en overflade med godt greb og friktion.<br \/>\nNem at bruge for alle: S\u00f8rg for, at gulvet er rent og t\u00f8rt. Minimumstemperatur for montage er +10, optimal er mellem 15-20 grader. Fjern 10 cm af beskyttelsesplasten p\u00e5 bagsiden og s\u00e6t tapen p\u00e5, rul derefter ud og fjern beskyttelsesplasten gradvist, det bliver nemmere at fastg\u00f8re tapen i den \u00f8nskede linje. Efter 48 timer er kl\u00e6beren helt h\u00e6rdet, men du kan g\u00e5 p\u00e5 tapen umiddelbart efter montering.<br \/>\nTekniske specifikationer: Skridsikkerhedsniveau R13 i henhold til DIN51130. Rul cirka 15 meter. Bredde: 25 mm. Kornst\u00f8rrelse 60 korn<\/p>","protected":false},"excerpt":{"rendered":"<p>Slank anti-slip tape til brug indend\u00f8rs og p\u00e5 beskyttede udend\u00f8rs steder. Robust overflade, der giver godt greb.<\/p>","protected":false},"featured_media":133764,"template":"","meta":{"_acf_changed":false},"product_brand":[],"product_cat":[4305],"product_tag":[4381],"class_list":{"0":"post-114953","1":"product","2":"type-product","3":"status-publish","4":"has-post-thumbnail","6":"product_cat-halkskyddstejp","7":"product_tag-svart","8":"product_shipping_class-tunga-paket","9":"pa_brands-durable","10":"pa_farg-svart","11":"tm-no-options","13":"first","14":"instock","15":"sale","16":"taxable","17":"shipping-taxable","18":"purchasable","19":"product-type-simple"},"acf":[],"_links":{"self":[{"href":"https:\/\/secureus.se\/dk\/wp-json\/wp\/v2\/product\/114953","targetHints":{"allow":["GET"]}}],"collection":[{"href":"https:\/\/secureus.se\/dk\/wp-json\/wp\/v2\/product"}],"about":[{"href":"https:\/\/secureus.se\/dk\/wp-json\/wp\/v2\/types\/product"}],"wp:featuredmedia":[{"embeddable":true,"href":"https:\/\/secureus.se\/dk\/wp-json\/wp\/v2\/media\/133764"}],"wp:attachment":[{"href":"https:\/\/secureus.se\/dk\/wp-json\/wp\/v2\/media?parent=114953"}],"wp:term":[{"taxonomy":"product_brand","embeddable":true,"href":"https:\/\/secureus.se\/dk\/wp-json\/wp\/v2\/product_brand?post=114953"},{"taxonomy":"product_cat","embeddable":true,"href":"https:\/\/secureus.se\/dk\/wp-json\/wp\/v2\/product_cat?post=114953"},{"taxonomy":"product_tag","embeddable":true,"href":"https:\/\/secureus.se\/dk\/wp-json\/wp\/v2\/product_tag?post=114953"}],"curies":[{"name":"wp","href":"https:\/\/api.w.org\/{rel}","templated":true}]}}