{"id":114960,"date":"2024-11-20T13:58:04","date_gmt":"2024-11-20T12:58:04","guid":{"rendered":"https:\/\/secureus.se\/?post_type=product&#038;p=114960"},"modified":"2026-01-12T12:28:51","modified_gmt":"2026-01-12T11:28:51","slug":"inforam-duraframe-grip-a4-2","status":"publish","type":"product","link":"https:\/\/secureus.se\/dk\/inforam-duraframe-grip-a4-2\/","title":{"rendered":"Inforamme DURAFRAME\u00ae GRIP A4"},"content":{"rendered":"<p>Brug DURAFRAME\u00ae GRIP informationsrammer til information, der skal ops\u00e6ttes p\u00e5 tekstilv\u00e6gge, f.eks. telefonlister eller telefonnumre, der skal v\u00e6re lige ved h\u00e5nden.<br \/>\nNem at inds\u00e6tte eller \u00e6ndre beskeder ved at l\u00f8fte fronten med magnetlukning. Nem at s\u00e6tte op \u2013 uden v\u00e6rkt\u00f8j eller andet tilbeh\u00f8r \u2013 p\u00e5 sk\u00e6rmv\u00e6gge, lydabsorbenter og tekstil opslagstavler. S\u00f8rg for, at bagsiden ikke kommer i kontakt med dit t\u00f8j, n\u00e5r du s\u00e6tter det op, da den fine velcro-overflade p\u00e5 bagsiden kan skade dit t\u00f8j. N\u00e5r du fjerner rammen fra tekstiloverfladen, skal du forsigtigt tr\u00e6kke den sidel\u00e6ns, vandret. Undg\u00e5 at tr\u00e6kke den af fra toppen eller bunden. Det kan blive lidt uj\u00e6vne eller l\u00f8se tr\u00e5de, hvor produktet har siddet. <\/p>\n<p>Til dokumenter i A4-format. Yderm\u00e5l 236\u00d7323 mm.<br \/>\nFarve: s\u00f8lv.<br \/>\nEmballage med 1 stk.<\/p>","protected":false},"excerpt":{"rendered":"<p>Letanvendelig inforamme til forskellige typer informationer, der skal s\u00e6ttes op p\u00e5 tekstilv\u00e6gge. Til dokumenter i A4-format.<\/p>","protected":false},"featured_media":135024,"template":"","meta":{"_acf_changed":false},"product_brand":[],"product_cat":[4296],"product_tag":[4382],"class_list":{"0":"post-114960","1":"product","2":"type-product","3":"status-publish","4":"has-post-thumbnail","6":"product_cat-inforamar-for-slata-ytor","7":"product_tag-silver","8":"product_shipping_class-tunga-paket","9":"pa_brands-durable","10":"pa_farg-silver","11":"tm-no-options","13":"first","14":"instock","15":"sale","16":"taxable","17":"shipping-taxable","18":"purchasable","19":"product-type-simple"},"acf":[],"_links":{"self":[{"href":"https:\/\/secureus.se\/dk\/wp-json\/wp\/v2\/product\/114960","targetHints":{"allow":["GET"]}}],"collection":[{"href":"https:\/\/secureus.se\/dk\/wp-json\/wp\/v2\/product"}],"about":[{"href":"https:\/\/secureus.se\/dk\/wp-json\/wp\/v2\/types\/product"}],"wp:featuredmedia":[{"embeddable":true,"href":"https:\/\/secureus.se\/dk\/wp-json\/wp\/v2\/media\/135024"}],"wp:attachment":[{"href":"https:\/\/secureus.se\/dk\/wp-json\/wp\/v2\/media?parent=114960"}],"wp:term":[{"taxonomy":"product_brand","embeddable":true,"href":"https:\/\/secureus.se\/dk\/wp-json\/wp\/v2\/product_brand?post=114960"},{"taxonomy":"product_cat","embeddable":true,"href":"https:\/\/secureus.se\/dk\/wp-json\/wp\/v2\/product_cat?post=114960"},{"taxonomy":"product_tag","embeddable":true,"href":"https:\/\/secureus.se\/dk\/wp-json\/wp\/v2\/product_tag?post=114960"}],"curies":[{"name":"wp","href":"https:\/\/api.w.org\/{rel}","templated":true}]}}