{"id":114981,"date":"2024-11-20T14:07:27","date_gmt":"2024-11-20T13:07:27","guid":{"rendered":"https:\/\/secureus.se\/?post_type=product&#038;p=114981"},"modified":"2026-01-12T13:01:12","modified_gmt":"2026-01-12T12:01:12","slug":"flexiboxx-12-a4-staende-brochyrfack-2","status":"publish","type":"product","link":"https:\/\/secureus.se\/dk\/flexiboxx-12-a4-staende-brochyrfack-2\/","title":{"rendered":"FLEXIBOXX 12 A4 st\u00e5ende brochurebakke"},"content":{"rendered":"<p>Formularrum, brochurestativ, postkasse - FLEXIBOXX er en serie af pladsbesparende, fleksible og v\u00e6gmonterede holdere til brochurer, magasiner, formularer og anden information i A4-format. Hvert rum har en kapacitet p\u00e5 24 mm tykke bundter. Dette er et komplet s\u00e6t med 12 bakker i st\u00e5ende format, et frontpanel og skruer og propper. M\u00e5lene p\u00e5 hvert enkelt rum er 24x34x3,5 cm (BxHxD). Samlet og monteret vinklet ud fra v\u00e6ggen m\u00e5ler den 13,5 cm og har en bredde p\u00e5 24 cm og er 111 cm h\u00f8j.<\/p>","protected":false},"excerpt":{"rendered":"<p>Komplet s\u00e6t med 12 brochurebakker FLEXIBOXX A4 i portr\u00e6tformat og en frontplade.<\/p>","protected":false},"featured_media":133687,"template":"","meta":{"_acf_changed":false},"product_brand":[],"product_cat":[4280],"product_tag":[4376],"class_list":{"0":"post-114981","1":"product","2":"type-product","3":"status-publish","4":"has-post-thumbnail","6":"product_cat-broschyrstall","7":"product_tag-transparent","8":"product_shipping_class-tunga-paket","9":"pa_brands-durable","10":"pa_farg-transparent","11":"tm-no-options","13":"first","14":"instock","15":"sale","16":"taxable","17":"shipping-taxable","18":"purchasable","19":"product-type-simple"},"acf":[],"_links":{"self":[{"href":"https:\/\/secureus.se\/dk\/wp-json\/wp\/v2\/product\/114981","targetHints":{"allow":["GET"]}}],"collection":[{"href":"https:\/\/secureus.se\/dk\/wp-json\/wp\/v2\/product"}],"about":[{"href":"https:\/\/secureus.se\/dk\/wp-json\/wp\/v2\/types\/product"}],"wp:featuredmedia":[{"embeddable":true,"href":"https:\/\/secureus.se\/dk\/wp-json\/wp\/v2\/media\/133687"}],"wp:attachment":[{"href":"https:\/\/secureus.se\/dk\/wp-json\/wp\/v2\/media?parent=114981"}],"wp:term":[{"taxonomy":"product_brand","embeddable":true,"href":"https:\/\/secureus.se\/dk\/wp-json\/wp\/v2\/product_brand?post=114981"},{"taxonomy":"product_cat","embeddable":true,"href":"https:\/\/secureus.se\/dk\/wp-json\/wp\/v2\/product_cat?post=114981"},{"taxonomy":"product_tag","embeddable":true,"href":"https:\/\/secureus.se\/dk\/wp-json\/wp\/v2\/product_tag?post=114981"}],"curies":[{"name":"wp","href":"https:\/\/api.w.org\/{rel}","templated":true}]}}