{"id":114986,"date":"2024-11-20T14:02:48","date_gmt":"2024-11-20T13:02:48","guid":{"rendered":"https:\/\/secureus.se\/?post_type=product&#038;p=114986"},"modified":"2026-01-12T12:52:25","modified_gmt":"2026-01-12T11:52:25","slug":"combiboxx-1-3-a4","status":"publish","type":"product","link":"https:\/\/secureus.se\/dk\/combiboxx-1-3-a4\/","title":{"rendered":"COMBIBOXX 1\/3 A4"},"content":{"rendered":"<p>Kombiner som det passer dig med den udvidelige og multifunktionelle COMBIBOXX serie. Dette rum er til 1\/3 A4- eller A6-format (maks. format 210\u00d7116 mm) s\u00e5som salgsbrochurer, produktblade og brochurer p\u00e5 messer, udstillinger og receptioner. Afh\u00e6ngigt af hvordan bagsiden er monteret, kan rummet placeres p\u00e5 bordet eller monteres p\u00e5 v\u00e6ggen. Bakken har en kapacitet p\u00e5 24 mm tykke bundter. S\u00e6ttet indeholder 1 rum, 2 bagstykker, 1 frontpanel, 1 adapterskinne til at kunne kombineres med COMBIBOXX A4, monteringsvejledning samt skrue og prop.<br \/>\nM\u00e5l som bordstativ 20x12x12 cm HxBxD<br \/>\nM\u00e5l som v\u00e6gstativ 21x12x11 cm HxBxD<\/p>","protected":false},"excerpt":{"rendered":"<p>Brochurestativ COMBIBOXX til 1\/3 A4 portr\u00e6t eller A6 format. Kan bruges som bord- eller v\u00e6gstativ. Kan udvides.<\/p>","protected":false},"featured_media":134793,"template":"","meta":{"_acf_changed":false},"product_brand":[],"product_cat":[4280],"product_tag":[4376],"class_list":{"0":"post-114986","1":"product","2":"type-product","3":"status-publish","4":"has-post-thumbnail","6":"product_cat-broschyrstall","7":"product_tag-transparent","8":"product_shipping_class-tunga-paket","9":"pa_brands-durable","10":"pa_farg-transparent","11":"tm-no-options","13":"first","14":"instock","15":"sale","16":"taxable","17":"shipping-taxable","18":"purchasable","19":"product-type-simple"},"acf":[],"_links":{"self":[{"href":"https:\/\/secureus.se\/dk\/wp-json\/wp\/v2\/product\/114986","targetHints":{"allow":["GET"]}}],"collection":[{"href":"https:\/\/secureus.se\/dk\/wp-json\/wp\/v2\/product"}],"about":[{"href":"https:\/\/secureus.se\/dk\/wp-json\/wp\/v2\/types\/product"}],"wp:featuredmedia":[{"embeddable":true,"href":"https:\/\/secureus.se\/dk\/wp-json\/wp\/v2\/media\/134793"}],"wp:attachment":[{"href":"https:\/\/secureus.se\/dk\/wp-json\/wp\/v2\/media?parent=114986"}],"wp:term":[{"taxonomy":"product_brand","embeddable":true,"href":"https:\/\/secureus.se\/dk\/wp-json\/wp\/v2\/product_brand?post=114986"},{"taxonomy":"product_cat","embeddable":true,"href":"https:\/\/secureus.se\/dk\/wp-json\/wp\/v2\/product_cat?post=114986"},{"taxonomy":"product_tag","embeddable":true,"href":"https:\/\/secureus.se\/dk\/wp-json\/wp\/v2\/product_tag?post=114986"}],"curies":[{"name":"wp","href":"https:\/\/api.w.org\/{rel}","templated":true}]}}