{"id":114999,"date":"2024-11-20T14:02:48","date_gmt":"2024-11-20T13:02:48","guid":{"rendered":"https:\/\/secureus.se\/?post_type=product&#038;p=114999"},"modified":"2026-01-12T12:52:14","modified_gmt":"2026-01-12T11:52:14","slug":"combiboxx-a4-set-l","status":"publish","type":"product","link":"https:\/\/secureus.se\/dk\/combiboxx-a4-set-l\/","title":{"rendered":"COMBIBOXX A4 S\u00c6T L"},"content":{"rendered":"<p>Kombiner som det passer dig med den udvidelige og multifunktionelle COMBIBOXX serie. Dette s\u00e6t med 3 rum er til A4-portr\u00e6t (maks. format 311\u00d7240 mm) formater s\u00e5som salgsbrochurer, produktblade og brochurer p\u00e5 messer, udstillinger og receptioner. Alt efter hvordan bagsiden er monteret, kan s\u00e6ttet placeres p\u00e5 bordet eller monteres p\u00e5 v\u00e6ggen. Hvert rum har en kapacitet p\u00e5 24 mm tykke bundter. S\u00e6ttet indeholder 3 rum, 2 bagstykker, 1 frontpanel, monteringsvejledning samt skruer og propper.<br \/>\nM\u00e5l som bordstativ 29x24x22 cm HxBxD<br \/>\nM\u00e5l som v\u00e6gstativ 44,5x24x15 cmHxBxD<br \/>\nTilbeh\u00f8r: Forl\u00e6ngerrum artikelnummer 857919<\/p>","protected":false},"excerpt":{"rendered":"<p>Brochurestativ COMBIBOXX til A4 portr\u00e6tformat. S\u00e6t med 3 rum, der kan bruges som bord- eller v\u00e6gstativ. Kan udvides.<\/p>","protected":false},"featured_media":134781,"template":"","meta":{"_acf_changed":false},"product_brand":[],"product_cat":[4280],"product_tag":[4376],"class_list":{"0":"post-114999","1":"product","2":"type-product","3":"status-publish","4":"has-post-thumbnail","6":"product_cat-broschyrstall","7":"product_tag-transparent","8":"product_shipping_class-tunga-paket","9":"pa_brands-durable","10":"pa_farg-transparent","11":"tm-no-options","13":"first","14":"instock","15":"sale","16":"taxable","17":"shipping-taxable","18":"purchasable","19":"product-type-simple"},"acf":[],"_links":{"self":[{"href":"https:\/\/secureus.se\/dk\/wp-json\/wp\/v2\/product\/114999","targetHints":{"allow":["GET"]}}],"collection":[{"href":"https:\/\/secureus.se\/dk\/wp-json\/wp\/v2\/product"}],"about":[{"href":"https:\/\/secureus.se\/dk\/wp-json\/wp\/v2\/types\/product"}],"wp:featuredmedia":[{"embeddable":true,"href":"https:\/\/secureus.se\/dk\/wp-json\/wp\/v2\/media\/134781"}],"wp:attachment":[{"href":"https:\/\/secureus.se\/dk\/wp-json\/wp\/v2\/media?parent=114999"}],"wp:term":[{"taxonomy":"product_brand","embeddable":true,"href":"https:\/\/secureus.se\/dk\/wp-json\/wp\/v2\/product_brand?post=114999"},{"taxonomy":"product_cat","embeddable":true,"href":"https:\/\/secureus.se\/dk\/wp-json\/wp\/v2\/product_cat?post=114999"},{"taxonomy":"product_tag","embeddable":true,"href":"https:\/\/secureus.se\/dk\/wp-json\/wp\/v2\/product_tag?post=114999"}],"curies":[{"name":"wp","href":"https:\/\/api.w.org\/{rel}","templated":true}]}}