{"id":115000,"date":"2024-11-20T14:41:20","date_gmt":"2024-11-20T13:41:20","guid":{"rendered":"https:\/\/secureus.se\/?post_type=product&#038;p=115000"},"modified":"2026-01-12T12:28:26","modified_gmt":"2026-01-12T11:28:26","slug":"magnetram-duraframe-magnetic-a5-2","status":"publish","type":"product","link":"https:\/\/secureus.se\/dk\/magnetram-duraframe-magnetic-a5-2\/","title":{"rendered":"Magnetisk ramme DURAFRAME\u00ae MAGNETIC A5"},"content":{"rendered":"<p>Brug DURAFRAME\u00ae MAGNETIC magnetisk kl\u00e6bende inforammer til at vise brugervejledninger, maskinfakta, medarbejderinformation og anden midlertidig eller mere permanent information p\u00e5 en professionel, hurtig og nem m\u00e5de.<br \/>\nL\u00e6g beskyttelsesarket med en magnet rundt om hele kanten af rammen over dokumentet og placer det p\u00e5 f.eks. whiteboards, pusleskabe, metalv\u00e6gge eller k\u00f8leskabe. Klar! P\u00e6n og lettere h\u00e5ndtering end f.eks. DURAFRAME\u00ae MAGNETIC f\u00e5s til dokumenter fra A6 til A3 og i forskellige pakkest\u00f8rrelser. F\u00e5s i flere farver, s\u00e5 skiltningen passer til budskab, logofarve, \u00e5rstid eller er synlig nok eller m\u00e5ske det modsatte - er diskret.<br \/>\nTil dokumenter i A5-format. Yderm\u00e5l 174\u00d7236 mm.<br \/>\nEmballage med 5 stk<\/p>","protected":false},"excerpt":{"rendered":"<p>Magnetisk ramme til at vise information p\u00e6nt. Til dokumenter, der skal monteres p\u00e5 metaloverflader.<\/p>","protected":false},"featured_media":133446,"template":"","meta":{"_acf_changed":false},"product_brand":[],"product_cat":[4295],"product_tag":[4381],"class_list":{"0":"post-115000","1":"product","2":"type-product","3":"status-publish","4":"has-post-thumbnail","6":"product_cat-inforamar-for-metallytor","7":"product_tag-svart","8":"product_shipping_class-tunga-paket","9":"pa_brands-durable","10":"pa_farg-svart","11":"tm-no-options","13":"first","14":"instock","15":"sale","16":"taxable","17":"shipping-taxable","18":"purchasable","19":"product-type-simple"},"acf":[],"_links":{"self":[{"href":"https:\/\/secureus.se\/dk\/wp-json\/wp\/v2\/product\/115000","targetHints":{"allow":["GET"]}}],"collection":[{"href":"https:\/\/secureus.se\/dk\/wp-json\/wp\/v2\/product"}],"about":[{"href":"https:\/\/secureus.se\/dk\/wp-json\/wp\/v2\/types\/product"}],"wp:featuredmedia":[{"embeddable":true,"href":"https:\/\/secureus.se\/dk\/wp-json\/wp\/v2\/media\/133446"}],"wp:attachment":[{"href":"https:\/\/secureus.se\/dk\/wp-json\/wp\/v2\/media?parent=115000"}],"wp:term":[{"taxonomy":"product_brand","embeddable":true,"href":"https:\/\/secureus.se\/dk\/wp-json\/wp\/v2\/product_brand?post=115000"},{"taxonomy":"product_cat","embeddable":true,"href":"https:\/\/secureus.se\/dk\/wp-json\/wp\/v2\/product_cat?post=115000"},{"taxonomy":"product_tag","embeddable":true,"href":"https:\/\/secureus.se\/dk\/wp-json\/wp\/v2\/product_tag?post=115000"}],"curies":[{"name":"wp","href":"https:\/\/api.w.org\/{rel}","templated":true}]}}