{"id":115022,"date":"2024-11-20T14:03:10","date_gmt":"2024-11-20T13:03:10","guid":{"rendered":"https:\/\/secureus.se\/?post_type=product&#038;p=115022"},"modified":"2026-01-12T12:51:59","modified_gmt":"2026-01-12T11:51:59","slug":"combiboxx-a4-staende-broschyrfack","status":"publish","type":"product","link":"https:\/\/secureus.se\/dk\/combiboxx-a4-staende-broschyrfack\/","title":{"rendered":"COMBIBOXX A4 lodret brochurebakke"},"content":{"rendered":"<p>Kombiner som det passer dig med den udvidelige og multifunktionelle COMBIBOXX serie. Dette rum er til A4-portr\u00e6tformater (maksimalt format 311\u00d7240 mm) s\u00e5som salgsbrochurer, produktblade og brochurer ved messer, udstillinger og receptioner. Afh\u00e6ngigt af hvordan bagsiden er monteret, kan rummet placeres p\u00e5 bordet eller monteres p\u00e5 v\u00e6ggen. Bakken har en kapacitet p\u00e5 24 mm tykke bundter. S\u00e6ttet indeholder 1 rum, 2 bagstykker, 1 frontpanel, monteringsvejledning samt skrue og prop.<br \/>\nM\u00e5l som bordstativ 29 x 24 x 16 cm (HxBxD)<br \/>\nM\u00e5l som v\u00e6gstativ 30 x 24 x 15 cm (HxBxD)<br \/>\nTilbeh\u00f8r: Forl\u00e6ngerrum artikelnummer 857919<\/p>","protected":false},"excerpt":{"rendered":"<p>Brochurestativ COMBIBOXX til A4 portr\u00e6tformat. Kan bruges som bord- eller v\u00e6gstativ. Kan udvides.<\/p>","protected":false},"featured_media":134766,"template":"","meta":{"_acf_changed":false},"product_brand":[],"product_cat":[4280],"product_tag":[4376],"class_list":{"0":"post-115022","1":"product","2":"type-product","3":"status-publish","4":"has-post-thumbnail","6":"product_cat-broschyrstall","7":"product_tag-transparent","8":"product_shipping_class-tunga-paket","9":"pa_brands-durable","10":"pa_farg-transparent","11":"tm-no-options","13":"first","14":"instock","15":"sale","16":"taxable","17":"shipping-taxable","18":"purchasable","19":"product-type-simple"},"acf":[],"_links":{"self":[{"href":"https:\/\/secureus.se\/dk\/wp-json\/wp\/v2\/product\/115022","targetHints":{"allow":["GET"]}}],"collection":[{"href":"https:\/\/secureus.se\/dk\/wp-json\/wp\/v2\/product"}],"about":[{"href":"https:\/\/secureus.se\/dk\/wp-json\/wp\/v2\/types\/product"}],"wp:featuredmedia":[{"embeddable":true,"href":"https:\/\/secureus.se\/dk\/wp-json\/wp\/v2\/media\/134766"}],"wp:attachment":[{"href":"https:\/\/secureus.se\/dk\/wp-json\/wp\/v2\/media?parent=115022"}],"wp:term":[{"taxonomy":"product_brand","embeddable":true,"href":"https:\/\/secureus.se\/dk\/wp-json\/wp\/v2\/product_brand?post=115022"},{"taxonomy":"product_cat","embeddable":true,"href":"https:\/\/secureus.se\/dk\/wp-json\/wp\/v2\/product_cat?post=115022"},{"taxonomy":"product_tag","embeddable":true,"href":"https:\/\/secureus.se\/dk\/wp-json\/wp\/v2\/product_tag?post=115022"}],"curies":[{"name":"wp","href":"https:\/\/api.w.org\/{rel}","templated":true}]}}