{"id":115035,"date":"2024-11-20T14:03:10","date_gmt":"2024-11-20T13:03:10","guid":{"rendered":"https:\/\/secureus.se\/?post_type=product&#038;p=115035"},"modified":"2026-01-12T12:52:17","modified_gmt":"2026-01-12T11:52:17","slug":"combiboxx-a4-utbyggnadsdel","status":"publish","type":"product","link":"https:\/\/secureus.se\/dk\/combiboxx-a4-utbyggnadsdel\/","title":{"rendered":"COMBIBOXX A4 forl\u00e6ngerdel"},"content":{"rendered":"<p>Kombiner som det passer dig med den udvidelige og multifunktionelle COMBIBOXX serie. Denne bakke er til A4-portr\u00e6tformater (maks. format 311\u00d7240 mm) s\u00e5som salgsbrochurer, produktblade og brochurer p\u00e5 messer, udstillinger og receptioner. Brug denne bakke til A4-portr\u00e6tformat til at udvide eksisterende s\u00e6t, der har frontpaneler og bagpaneler. Bakken har en kapacitet p\u00e5 24 mm tykke bundter. M\u00e5l: 32 x 24 x 3,5 cm HxBxD<\/p>","protected":false},"excerpt":{"rendered":"<p>Forl\u00e6ngerdel til forl\u00e6ngelse af brochurebakke COMBIBOXX A4 portr\u00e6tformat. <\/p>","protected":false},"featured_media":134761,"template":"","meta":{"_acf_changed":false},"product_brand":[],"product_cat":[4280],"product_tag":[4376],"class_list":{"0":"post-115035","1":"product","2":"type-product","3":"status-publish","4":"has-post-thumbnail","6":"product_cat-broschyrstall","7":"product_tag-transparent","8":"product_shipping_class-tunga-paket","9":"pa_brands-durable","10":"pa_farg-transparent","11":"tm-no-options","13":"first","14":"instock","15":"sale","16":"taxable","17":"shipping-taxable","18":"purchasable","19":"product-type-simple"},"acf":[],"_links":{"self":[{"href":"https:\/\/secureus.se\/dk\/wp-json\/wp\/v2\/product\/115035","targetHints":{"allow":["GET"]}}],"collection":[{"href":"https:\/\/secureus.se\/dk\/wp-json\/wp\/v2\/product"}],"about":[{"href":"https:\/\/secureus.se\/dk\/wp-json\/wp\/v2\/types\/product"}],"wp:featuredmedia":[{"embeddable":true,"href":"https:\/\/secureus.se\/dk\/wp-json\/wp\/v2\/media\/134761"}],"wp:attachment":[{"href":"https:\/\/secureus.se\/dk\/wp-json\/wp\/v2\/media?parent=115035"}],"wp:term":[{"taxonomy":"product_brand","embeddable":true,"href":"https:\/\/secureus.se\/dk\/wp-json\/wp\/v2\/product_brand?post=115035"},{"taxonomy":"product_cat","embeddable":true,"href":"https:\/\/secureus.se\/dk\/wp-json\/wp\/v2\/product_cat?post=115035"},{"taxonomy":"product_tag","embeddable":true,"href":"https:\/\/secureus.se\/dk\/wp-json\/wp\/v2\/product_tag?post=115035"}],"curies":[{"name":"wp","href":"https:\/\/api.w.org\/{rel}","templated":true}]}}