{"id":115049,"date":"2024-11-20T14:03:11","date_gmt":"2024-11-20T13:03:11","guid":{"rendered":"https:\/\/secureus.se\/?post_type=product&#038;p=115049"},"modified":"2026-01-12T12:52:35","modified_gmt":"2026-01-12T11:52:35","slug":"combiboxx-pro","status":"publish","type":"product","link":"https:\/\/secureus.se\/dk\/combiboxx-pro\/","title":{"rendered":"COMBIBOXX PRO"},"content":{"rendered":"<p>Kombiner som det passer dig med den udvidelige smarte og multifunktionelle COMBIBOXX serie. COMBIBOXX PRO er et s\u00e6t med A4 bakke (maks. format 311\u00d7240 mm) og 1\/3 A4 eller A6 bakke (maks. format 210\u00d7116 mm) til fx salgsbrochurer, produktblade og brochurer p\u00e5 messer, udstillinger og receptioner. Alt efter hvordan ryggen er samlet, kan s\u00e6ttet placeres p\u00e5 bordet eller monteres p\u00e5 v\u00e6ggen. Hvert rum har en kapacitet p\u00e5 24 mm tykke bundter. S\u00e6ttet indeholder 1 A4 rum, 4 1\/3 A4 (A6) rum, 2 bagstykker, 1 frontpanel, 1 adapterskinne til at kunne kombineres med COMBIBOXX A4, monteringsvejledning samt skrue og prop.<br \/>\nM\u00e5l som bordstativ 29 x24x23 cm HxBxD<br \/>\nM\u00e5l som v\u00e6gstativ 44,5x24x 15 cm HxBxD<br \/>\nTilbeh\u00f8r: Forl\u00e6ngerbakke A4 artikelnummer 857919<\/p>","protected":false},"excerpt":{"rendered":"<p>Brochurestativ COMBIBOXX PRO med en kombination af rum til b\u00e5de A4 og 1\/3 A4 portr\u00e6t eller A6 format, der kan bruges som bord- eller v\u00e6gstativ. <\/p>","protected":false},"featured_media":134658,"template":"","meta":{"_acf_changed":false},"product_brand":[],"product_cat":[4280],"product_tag":[4376],"class_list":{"0":"post-115049","1":"product","2":"type-product","3":"status-publish","4":"has-post-thumbnail","6":"product_cat-broschyrstall","7":"product_tag-transparent","8":"product_shipping_class-tunga-paket","9":"pa_brands-durable","10":"pa_farg-transparent","11":"tm-no-options","13":"first","14":"instock","15":"sale","16":"taxable","17":"shipping-taxable","18":"purchasable","19":"product-type-simple"},"acf":[],"_links":{"self":[{"href":"https:\/\/secureus.se\/dk\/wp-json\/wp\/v2\/product\/115049","targetHints":{"allow":["GET"]}}],"collection":[{"href":"https:\/\/secureus.se\/dk\/wp-json\/wp\/v2\/product"}],"about":[{"href":"https:\/\/secureus.se\/dk\/wp-json\/wp\/v2\/types\/product"}],"wp:featuredmedia":[{"embeddable":true,"href":"https:\/\/secureus.se\/dk\/wp-json\/wp\/v2\/media\/134658"}],"wp:attachment":[{"href":"https:\/\/secureus.se\/dk\/wp-json\/wp\/v2\/media?parent=115049"}],"wp:term":[{"taxonomy":"product_brand","embeddable":true,"href":"https:\/\/secureus.se\/dk\/wp-json\/wp\/v2\/product_brand?post=115049"},{"taxonomy":"product_cat","embeddable":true,"href":"https:\/\/secureus.se\/dk\/wp-json\/wp\/v2\/product_cat?post=115049"},{"taxonomy":"product_tag","embeddable":true,"href":"https:\/\/secureus.se\/dk\/wp-json\/wp\/v2\/product_tag?post=115049"}],"curies":[{"name":"wp","href":"https:\/\/api.w.org\/{rel}","templated":true}]}}