{"id":115056,"date":"2024-11-20T13:57:46","date_gmt":"2024-11-20T12:57:46","guid":{"rendered":"https:\/\/secureus.se\/?post_type=product&#038;p=115056"},"modified":"2026-01-12T12:24:06","modified_gmt":"2026-01-12T11:24:06","slug":"dorrskylt-info-sign-149x1485","status":"publish","type":"product","link":"https:\/\/secureus.se\/dk\/dorrskylt-info-sign-149x1485\/","title":{"rendered":"D\u00f8rskilt INFOSKILT 149\u00d7148,5"},"content":{"rendered":"<p>Stilfulde d\u00f8r- og v\u00e6gskilte i forskellige designs hj\u00e6lper bes\u00f8gende med at orientere sig og informere om hvem, hvilken afdeling, funktion eller konferencelokale, der ligger hvor i lokalerne. INFO SIGN skilteserien har bagside og kantlister i aluminium. Det hvide ark med tekst sidder beskyttet bag det ikke-reflekterende frontpanel, der glider ind i kantstrimlerne og holdes p\u00e5 plads af to sorte fastg\u00f8relsesanordninger. Skabelon til boring af huller, monteringsvejledning, hvid indsatsplade, skrue, prop og fikseringspuder medf\u00f8lger. Design dette lille skilt (149\u00d7149) ved hj\u00e6lp af det gratis program DURAPRINT\u00ae, som findes p\u00e5 www.duraprint.se. Print p\u00e5 A4-ark med 2 etiketter pr. ark, som bestilles separat.<br \/>\nTilbeh\u00f8r: A4-ark til print i laserprinter, artikelnummer 485202. <\/p>","protected":false},"excerpt":{"rendered":"<p>Stilrent d\u00f8rskilt i formatet 149x149mm. Fremstillet i aluminium med ikke-reflekterende frontpanel i akrylplast.<\/p>","protected":false},"featured_media":134730,"template":"","meta":{"_acf_changed":false},"product_brand":[],"product_cat":[4265],"product_tag":[4382],"class_list":{"0":"post-115056","1":"product","2":"type-product","3":"status-publish","4":"has-post-thumbnail","6":"product_cat-dorrskyltar-i-alumunium","7":"product_tag-silver","8":"product_shipping_class-tunga-paket","9":"pa_brands-durable","10":"pa_farg-silver","11":"tm-no-options","13":"first","14":"instock","15":"sale","16":"taxable","17":"shipping-taxable","18":"purchasable","19":"product-type-simple"},"acf":[],"_links":{"self":[{"href":"https:\/\/secureus.se\/dk\/wp-json\/wp\/v2\/product\/115056","targetHints":{"allow":["GET"]}}],"collection":[{"href":"https:\/\/secureus.se\/dk\/wp-json\/wp\/v2\/product"}],"about":[{"href":"https:\/\/secureus.se\/dk\/wp-json\/wp\/v2\/types\/product"}],"wp:featuredmedia":[{"embeddable":true,"href":"https:\/\/secureus.se\/dk\/wp-json\/wp\/v2\/media\/134730"}],"wp:attachment":[{"href":"https:\/\/secureus.se\/dk\/wp-json\/wp\/v2\/media?parent=115056"}],"wp:term":[{"taxonomy":"product_brand","embeddable":true,"href":"https:\/\/secureus.se\/dk\/wp-json\/wp\/v2\/product_brand?post=115056"},{"taxonomy":"product_cat","embeddable":true,"href":"https:\/\/secureus.se\/dk\/wp-json\/wp\/v2\/product_cat?post=115056"},{"taxonomy":"product_tag","embeddable":true,"href":"https:\/\/secureus.se\/dk\/wp-json\/wp\/v2\/product_tag?post=115056"}],"curies":[{"name":"wp","href":"https:\/\/api.w.org\/{rel}","templated":true}]}}