{"id":115057,"date":"2024-11-20T14:07:28","date_gmt":"2024-11-20T13:07:28","guid":{"rendered":"https:\/\/secureus.se\/?post_type=product&#038;p=115057"},"modified":"2026-01-12T13:00:51","modified_gmt":"2026-01-12T12:00:51","slug":"flexiboxx-6-a4-staende-brochyrfack-3","status":"publish","type":"product","link":"https:\/\/secureus.se\/dk\/flexiboxx-6-a4-staende-brochyrfack-3\/","title":{"rendered":"FLEXIBOXX 6 A4 st\u00e5ende brochurebakke"},"content":{"rendered":"<p>Formularrum, brochurestativ, postkasse - FLEXIBOXX er en serie af pladsbesparende, fleksible og v\u00e6gmonterede holdere til brochurer, magasiner, formularer og anden information i A4-format. Hvert rum har en kapacitet p\u00e5 24 mm tykke bundter. Dette er et komplet s\u00e6t med 6 rum i portr\u00e6tformat, et frontpanel samt skruer og propper. Hvert enkelt rum m\u00e5ler 24x34x3 cm (BxHxD). Samlet og monteret vinklet ud fra v\u00e6ggen m\u00e5ler den 13,5 cm og har en bredde p\u00e5 24 cm og er 69 cm h\u00f8j.<\/p>","protected":false},"excerpt":{"rendered":"<p>Komplet s\u00e6t med 6 brochurebakker FLEXIBOXX A4 i portr\u00e6tformat og en frontplade.<\/p>","protected":false},"featured_media":133727,"template":"","meta":{"_acf_changed":false},"product_brand":[],"product_cat":[4280],"product_tag":[4376],"class_list":{"0":"post-115057","1":"product","2":"type-product","3":"status-publish","4":"has-post-thumbnail","6":"product_cat-broschyrstall","7":"product_tag-transparent","8":"product_shipping_class-tunga-paket","9":"pa_brands-durable","10":"pa_farg-transparent","11":"tm-no-options","13":"first","14":"instock","15":"sale","16":"taxable","17":"shipping-taxable","18":"purchasable","19":"product-type-simple"},"acf":[],"_links":{"self":[{"href":"https:\/\/secureus.se\/dk\/wp-json\/wp\/v2\/product\/115057","targetHints":{"allow":["GET"]}}],"collection":[{"href":"https:\/\/secureus.se\/dk\/wp-json\/wp\/v2\/product"}],"about":[{"href":"https:\/\/secureus.se\/dk\/wp-json\/wp\/v2\/types\/product"}],"wp:featuredmedia":[{"embeddable":true,"href":"https:\/\/secureus.se\/dk\/wp-json\/wp\/v2\/media\/133727"}],"wp:attachment":[{"href":"https:\/\/secureus.se\/dk\/wp-json\/wp\/v2\/media?parent=115057"}],"wp:term":[{"taxonomy":"product_brand","embeddable":true,"href":"https:\/\/secureus.se\/dk\/wp-json\/wp\/v2\/product_brand?post=115057"},{"taxonomy":"product_cat","embeddable":true,"href":"https:\/\/secureus.se\/dk\/wp-json\/wp\/v2\/product_cat?post=115057"},{"taxonomy":"product_tag","embeddable":true,"href":"https:\/\/secureus.se\/dk\/wp-json\/wp\/v2\/product_tag?post=115057"}],"curies":[{"name":"wp","href":"https:\/\/api.w.org\/{rel}","templated":true}]}}