{"id":115121,"date":"2024-11-20T14:11:22","date_gmt":"2024-11-20T13:11:22","guid":{"rendered":"https:\/\/secureus.se\/?post_type=product&#038;p=115121"},"modified":"2026-01-12T12:03:24","modified_gmt":"2026-01-12T11:03:24","slug":"magnetband-30-mm","status":"publish","type":"product","link":"https:\/\/secureus.se\/dk\/magnetband-30-mm\/","title":{"rendered":"Magnetb\u00e5nd 30 mm"},"content":{"rendered":"<p>Lav dine egne magnetiske etiketter i den st\u00f8rrelse, der skal til for at markere magnetiske hyldekanter, l\u00e5ger og skabe. Nem at flytte, n\u00e5r varer skifter lagersted for altid at have opdateret m\u00e6rkning. Rulle med 5 m magnetisk markeringsb\u00e5nd, der kan klippes til i \u00f8nsket l\u00e6ngde med stor saks. Brug en permanent mark\u00f8r til at skrive p\u00e5 magnetb\u00e5ndet.<br \/>\nDimensioner: 30 mm x 5 m (H x B)<\/p>","protected":false},"excerpt":{"rendered":"<p>Magnettape p\u00e5 rulle. Kan klippes til i \u00f8nsket l\u00e6ngde og skrives p\u00e5 med en permanent tusch. Skriveh\u00f8jde 3 cm, l\u00e6ngde 5 m<\/p>","protected":false},"featured_media":133809,"template":"","meta":{"_acf_changed":false},"product_brand":[],"product_cat":[4269],"product_tag":[4396],"class_list":{"0":"post-115121","1":"product","2":"type-product","3":"status-publish","4":"has-post-thumbnail","6":"product_cat-magnetisk-fastsattning","7":"product_tag-vit","8":"product_shipping_class-tunga-paket","9":"pa_brands-durable","10":"pa_farg-vit","11":"tm-no-options","13":"first","14":"instock","15":"sale","16":"taxable","17":"shipping-taxable","18":"purchasable","19":"product-type-simple"},"acf":[],"_links":{"self":[{"href":"https:\/\/secureus.se\/dk\/wp-json\/wp\/v2\/product\/115121","targetHints":{"allow":["GET"]}}],"collection":[{"href":"https:\/\/secureus.se\/dk\/wp-json\/wp\/v2\/product"}],"about":[{"href":"https:\/\/secureus.se\/dk\/wp-json\/wp\/v2\/types\/product"}],"wp:featuredmedia":[{"embeddable":true,"href":"https:\/\/secureus.se\/dk\/wp-json\/wp\/v2\/media\/133809"}],"wp:attachment":[{"href":"https:\/\/secureus.se\/dk\/wp-json\/wp\/v2\/media?parent=115121"}],"wp:term":[{"taxonomy":"product_brand","embeddable":true,"href":"https:\/\/secureus.se\/dk\/wp-json\/wp\/v2\/product_brand?post=115121"},{"taxonomy":"product_cat","embeddable":true,"href":"https:\/\/secureus.se\/dk\/wp-json\/wp\/v2\/product_cat?post=115121"},{"taxonomy":"product_tag","embeddable":true,"href":"https:\/\/secureus.se\/dk\/wp-json\/wp\/v2\/product_tag?post=115121"}],"curies":[{"name":"wp","href":"https:\/\/api.w.org\/{rel}","templated":true}]}}