{"id":115122,"date":"2024-11-20T14:00:16","date_gmt":"2024-11-20T13:00:16","guid":{"rendered":"https:\/\/secureus.se\/?post_type=product&#038;p=115122"},"modified":"2026-01-12T12:57:36","modified_gmt":"2026-01-12T11:57:36","slug":"inforam-sjalvhaftande-duraframe-security-a4","status":"publish","type":"product","link":"https:\/\/secureus.se\/dk\/inforam-sjalvhaftande-duraframe-security-a4\/","title":{"rendered":"Inforamme selvkl\u00e6bende DURAFRAME\u00ae SECURITY A4"},"content":{"rendered":"<p>S\u00e6t midlertidig eller mere permanent sikkerheds- og advarselsinformation op p\u00e5 en professionel, hurtig og nem m\u00e5de med selvkl\u00e6bende DURAFRAME\u00ae SECURITY inforammer. Fjern beskyttelsespapiret - s\u00e6t Duraframen fast - l\u00f8ft fronten med magnetlukningen - l\u00e6g et eller to ark i - fold forsiden ned - f\u00e6rdig! Nem at s\u00e6tte op \u2013 uden v\u00e6rkt\u00f8j eller andet tilbeh\u00f8r \u2013 p\u00e5 faste og glatte overflader. P\u00e6n og lettere h\u00e5ndtering end for eksempel tape, h\u00e6fteklammer eller h\u00e6fteklammer. Indsatsen forbliver sikkert p\u00e5 plads i b\u00e5de st\u00e5ende og liggende positioner takket v\u00e6re magneter p\u00e5 alle 3 \u00e5bne sider. Rammen ser ens ud p\u00e5 forsiden og bagsiden, hvilket er fantastisk, n\u00e5r det placeres p\u00e5 glasruder for et dobbeltsidet budskab. Den er aftagelig fra glasruder. Malede, coatede eller laminerede overflader kan blive beskadiget, hvis rammen fjernes.<br \/>\nTil dokumenter i A4-format. Yderm\u00e5l 236\u00d7323 mm. Farverne r\u00f8d\/hvid signalerer brandbeskyttelsesinformation i henhold til ISO 3864-4 for sikkerhedsfarver.<br \/>\nEmballage med 2 stk.<\/p>","protected":false},"excerpt":{"rendered":"<p>Selvkl\u00e6bende inforamme til at vise vigtige sikkerhedsoplysninger, meddelelser og advarsler p\u00e5 en p\u00e6n m\u00e5de. Front med magnetlukning for nem udskiftning af indsatser. <\/p>","protected":false},"featured_media":134673,"template":"","meta":{"_acf_changed":false},"product_brand":[],"product_cat":[4296],"product_tag":[4391],"class_list":{"0":"post-115122","1":"product","2":"type-product","3":"status-publish","4":"has-post-thumbnail","6":"product_cat-inforamar-for-slata-ytor","7":"product_tag-rod-vit","8":"product_shipping_class-tunga-paket","9":"pa_brands-durable","10":"pa_farg-rod-vit","11":"tm-no-options","13":"first","14":"instock","15":"sale","16":"taxable","17":"shipping-taxable","18":"purchasable","19":"product-type-simple"},"acf":[],"_links":{"self":[{"href":"https:\/\/secureus.se\/dk\/wp-json\/wp\/v2\/product\/115122","targetHints":{"allow":["GET"]}}],"collection":[{"href":"https:\/\/secureus.se\/dk\/wp-json\/wp\/v2\/product"}],"about":[{"href":"https:\/\/secureus.se\/dk\/wp-json\/wp\/v2\/types\/product"}],"wp:featuredmedia":[{"embeddable":true,"href":"https:\/\/secureus.se\/dk\/wp-json\/wp\/v2\/media\/134673"}],"wp:attachment":[{"href":"https:\/\/secureus.se\/dk\/wp-json\/wp\/v2\/media?parent=115122"}],"wp:term":[{"taxonomy":"product_brand","embeddable":true,"href":"https:\/\/secureus.se\/dk\/wp-json\/wp\/v2\/product_brand?post=115122"},{"taxonomy":"product_cat","embeddable":true,"href":"https:\/\/secureus.se\/dk\/wp-json\/wp\/v2\/product_cat?post=115122"},{"taxonomy":"product_tag","embeddable":true,"href":"https:\/\/secureus.se\/dk\/wp-json\/wp\/v2\/product_tag?post=115122"}],"curies":[{"name":"wp","href":"https:\/\/api.w.org\/{rel}","templated":true}]}}