{"id":115128,"date":"2024-11-20T14:00:49","date_gmt":"2024-11-20T13:00:49","guid":{"rendered":"https:\/\/secureus.se\/?post_type=product&#038;p=115128"},"modified":"2025-12-31T21:27:36","modified_gmt":"2025-12-31T20:27:36","slug":"dorrskylt-info-sign-297x210-a4","status":"publish","type":"product","link":"https:\/\/secureus.se\/dk\/dorrskylt-info-sign-297x210-a4\/","title":{"rendered":"D\u00f8rskilt INFOSKILT 297\u00d7210 (A4)"},"content":{"rendered":"<p>Stilfulde d\u00f8r- og v\u00e6gskilte i forskellige designs hj\u00e6lper bes\u00f8gende med at orientere sig og informere om hvem, hvilken afdeling, funktion eller konferencelokale, der ligger hvor i lokalerne. INFO SIGN skilteserien har bagside og kantlister i aluminium. Det hvide ark med tekst sidder beskyttet bag det ikke-reflekterende frontpanel, der glider ind i kantstrimlerne og holdes p\u00e5 plads af to sorte fastg\u00f8relsesanordninger. Skabelon til boring af huller, monteringsvejledning, hvid indsatsplade, skrue, prop og fikseringspuder medf\u00f8lger. Design dette lodrette A4-skilt (297\u00d7210) ved hj\u00e6lp af det gratis program DURAPRINT\u00ae, som er tilg\u00e6ngeligt p\u00e5 www.duraprint.se. Print p\u00e5 A4-ark med 1 etiket pr. ark, som bestilles separat.<br \/>\nTilbeh\u00f8r: A4-ark til print i laserprinter, artikelnummer 485602. <\/p>","protected":false},"excerpt":{"rendered":"<p>Stilrent d\u00f8rskilt i liggende A4, 297x210mm. Fremstillet i aluminium med ikke-reflekterende frontpanel i akrylplast.<\/p>","protected":false},"featured_media":134919,"template":"","meta":{"_acf_changed":false},"product_brand":[],"product_cat":[4265],"product_tag":[4382],"class_list":{"0":"post-115128","1":"product","2":"type-product","3":"status-publish","4":"has-post-thumbnail","6":"product_cat-dorrskyltar-i-alumunium","7":"product_tag-silver","8":"product_shipping_class-tunga-paket","9":"pa_brands-durable","10":"pa_farg-silver","11":"tm-no-options","13":"first","14":"instock","15":"sale","16":"taxable","17":"shipping-taxable","18":"purchasable","19":"product-type-simple"},"acf":[],"_links":{"self":[{"href":"https:\/\/secureus.se\/dk\/wp-json\/wp\/v2\/product\/115128","targetHints":{"allow":["GET"]}}],"collection":[{"href":"https:\/\/secureus.se\/dk\/wp-json\/wp\/v2\/product"}],"about":[{"href":"https:\/\/secureus.se\/dk\/wp-json\/wp\/v2\/types\/product"}],"wp:featuredmedia":[{"embeddable":true,"href":"https:\/\/secureus.se\/dk\/wp-json\/wp\/v2\/media\/134919"}],"wp:attachment":[{"href":"https:\/\/secureus.se\/dk\/wp-json\/wp\/v2\/media?parent=115128"}],"wp:term":[{"taxonomy":"product_brand","embeddable":true,"href":"https:\/\/secureus.se\/dk\/wp-json\/wp\/v2\/product_brand?post=115128"},{"taxonomy":"product_cat","embeddable":true,"href":"https:\/\/secureus.se\/dk\/wp-json\/wp\/v2\/product_cat?post=115128"},{"taxonomy":"product_tag","embeddable":true,"href":"https:\/\/secureus.se\/dk\/wp-json\/wp\/v2\/product_tag?post=115128"}],"curies":[{"name":"wp","href":"https:\/\/api.w.org\/{rel}","templated":true}]}}