{"id":115134,"date":"2024-11-20T13:55:22","date_gmt":"2024-11-20T12:55:22","guid":{"rendered":"https:\/\/secureus.se\/?post_type=product&#038;p=115134"},"modified":"2026-01-12T12:25:16","modified_gmt":"2026-01-12T11:25:16","slug":"dorrskylt-crystal-sign-148x148","status":"publish","type":"product","link":"https:\/\/secureus.se\/dk\/dorrskylt-crystal-sign-148x148\/","title":{"rendered":"D\u00f8rskilt KRYSTALSKILT 148\u00d7148"},"content":{"rendered":"<p>Stilfulde d\u00f8r- og v\u00e6gskilte i forskellige designs hj\u00e6lper bes\u00f8gende med at orientere sig og informere om hvem, hvilken afdeling, funktion eller konferencelokale, der ligger hvor i lokalerne. CRYSTAL SIGN skilteserien best\u00e5r af 2 akrylplader med et matteret indl\u00e6gsark imellem til teksten og det hele holdes sammen af dekorative skruer. Skiltet skrues fast med en metalafstandsholder, hvilket betyder at skiltet sidder 3 cm ude fra v\u00e6ggen. Borhulsskabelon, monteringsvejledning, 2 matterede indsatsark samt skrue og prop medf\u00f8lger. Design skiltet med det gratis program DURAPRINT\u00ae, som findes p\u00e5 www.duraprint.se. og print med laserprinter p\u00e5 det matterede indl\u00e6gsark i skiltst\u00f8rrelse 148\u00d7148 mm.<br \/>\nTilbeh\u00f8r: Genfyld frostede indl\u00e6gsark artikelnummer 483219   <\/p>","protected":false},"excerpt":{"rendered":"<p>Elegant og diskret d\u00f8rskilt af akrylplast i formatet 148x148mm.<\/p>","protected":false},"featured_media":134921,"template":"","meta":{"_acf_changed":false},"product_brand":[],"product_cat":[4264],"product_tag":[4376],"class_list":{"0":"post-115134","1":"product","2":"type-product","3":"status-publish","4":"has-post-thumbnail","6":"product_cat-dorrskyltar-i-akryl","7":"product_tag-transparent","8":"product_shipping_class-tunga-paket","9":"pa_brands-durable","10":"pa_farg-transparent","11":"tm-no-options","13":"first","14":"instock","15":"sale","16":"taxable","17":"shipping-taxable","18":"purchasable","19":"product-type-simple"},"acf":[],"_links":{"self":[{"href":"https:\/\/secureus.se\/dk\/wp-json\/wp\/v2\/product\/115134","targetHints":{"allow":["GET"]}}],"collection":[{"href":"https:\/\/secureus.se\/dk\/wp-json\/wp\/v2\/product"}],"about":[{"href":"https:\/\/secureus.se\/dk\/wp-json\/wp\/v2\/types\/product"}],"wp:featuredmedia":[{"embeddable":true,"href":"https:\/\/secureus.se\/dk\/wp-json\/wp\/v2\/media\/134921"}],"wp:attachment":[{"href":"https:\/\/secureus.se\/dk\/wp-json\/wp\/v2\/media?parent=115134"}],"wp:term":[{"taxonomy":"product_brand","embeddable":true,"href":"https:\/\/secureus.se\/dk\/wp-json\/wp\/v2\/product_brand?post=115134"},{"taxonomy":"product_cat","embeddable":true,"href":"https:\/\/secureus.se\/dk\/wp-json\/wp\/v2\/product_cat?post=115134"},{"taxonomy":"product_tag","embeddable":true,"href":"https:\/\/secureus.se\/dk\/wp-json\/wp\/v2\/product_tag?post=115134"}],"curies":[{"name":"wp","href":"https:\/\/api.w.org\/{rel}","templated":true}]}}