{"id":115135,"date":"2024-11-20T14:00:17","date_gmt":"2024-11-20T13:00:17","guid":{"rendered":"https:\/\/secureus.se\/?post_type=product&#038;p=115135"},"modified":"2026-01-12T12:26:06","modified_gmt":"2026-01-12T11:26:06","slug":"inforam-duraframe-sun-a3","status":"publish","type":"product","link":"https:\/\/secureus.se\/dk\/inforam-duraframe-sun-a3\/","title":{"rendered":"Informationsramme DURAFRAME\u00ae SUN A3"},"content":{"rendered":"<p>Brug DURAFRAME\u00ae SUN inforammer til at vise og pr\u00e6sentere kampagnetilbud, \u00e5bningstider, annoncer osv. p\u00e5 en professionel m\u00e5de i butiksvinduer udsat for sollys.<br \/>\nNemt at inds\u00e6tte eller \u00e6ndre beskeder ved at l\u00f8fte fronten med magnetlukning. Nem at s\u00e6tte op - du skal blot spr\u00f8jte lidt vand blandet med en dr\u00e5be opvaskemiddel p\u00e5 bagsiden, s\u00e5 kl\u00e6ber rammen statisk til glasoverfladen. P\u00e6nere end tape! Kan bruges flere gange og efterlader ingen spor.<br \/>\nRammen ser ens ud foran og bagp\u00e5.<br \/>\nVarmebestandig op til 70\u00b0 og UV-stabil op til 2 \u00e5r.<br \/>\nTil dokumenter i A3-format. Yderm\u00e5l 323\u00d7446 mm.<br \/>\nEmballage med 2 stk.<\/p>","protected":false},"excerpt":{"rendered":"<p>Inforamme, der fastg\u00f8res statisk til glasruder. Til forskellige typer information i A3-format, der uds\u00e6ttes for sollys. UV stabil og varmebestandig.<\/p>","protected":false},"featured_media":134973,"template":"","meta":{"_acf_changed":false},"product_brand":[],"product_cat":[4294],"product_tag":[4381],"class_list":{"0":"post-115135","1":"product","2":"type-product","3":"status-publish","4":"has-post-thumbnail","6":"product_cat-inforamar-for-solexponerade-ytor","7":"product_tag-svart","8":"product_shipping_class-tunga-paket","9":"pa_brands-durable","10":"pa_farg-svart","11":"tm-no-options","13":"first","14":"instock","15":"sale","16":"taxable","17":"shipping-taxable","18":"purchasable","19":"product-type-simple"},"acf":[],"_links":{"self":[{"href":"https:\/\/secureus.se\/dk\/wp-json\/wp\/v2\/product\/115135","targetHints":{"allow":["GET"]}}],"collection":[{"href":"https:\/\/secureus.se\/dk\/wp-json\/wp\/v2\/product"}],"about":[{"href":"https:\/\/secureus.se\/dk\/wp-json\/wp\/v2\/types\/product"}],"wp:featuredmedia":[{"embeddable":true,"href":"https:\/\/secureus.se\/dk\/wp-json\/wp\/v2\/media\/134973"}],"wp:attachment":[{"href":"https:\/\/secureus.se\/dk\/wp-json\/wp\/v2\/media?parent=115135"}],"wp:term":[{"taxonomy":"product_brand","embeddable":true,"href":"https:\/\/secureus.se\/dk\/wp-json\/wp\/v2\/product_brand?post=115135"},{"taxonomy":"product_cat","embeddable":true,"href":"https:\/\/secureus.se\/dk\/wp-json\/wp\/v2\/product_cat?post=115135"},{"taxonomy":"product_tag","embeddable":true,"href":"https:\/\/secureus.se\/dk\/wp-json\/wp\/v2\/product_tag?post=115135"}],"curies":[{"name":"wp","href":"https:\/\/api.w.org\/{rel}","templated":true}]}}