{"id":115143,"date":"2024-11-20T14:00:49","date_gmt":"2024-11-20T13:00:49","guid":{"rendered":"https:\/\/secureus.se\/?post_type=product&#038;p=115143"},"modified":"2026-03-11T14:41:37","modified_gmt":"2026-03-11T13:41:37","slug":"dorrskylt-info-sign-297x420-a3-staende","status":"publish","type":"product","link":"https:\/\/secureus.se\/dk\/dorrskylt-info-sign-297x420-a3-staende\/","title":{"rendered":"D\u00f8rskilt INFOSKILT 297\u00d7420 (A3 portr\u00e6t)"},"content":{"rendered":"<p>Stilfulde d\u00f8r- og v\u00e6gskilte i forskellige designs hj\u00e6lper bes\u00f8gende med at orientere sig og informerer dem om, hvem, hvilken afdeling, funktion eller konferencerum der er placeret hvor i lokalerne. INFO SIGN skilteserien har en bagside og kantlister af aluminium. Den hvide plade med tekst er beskyttet bag det ikke-reflekterende frontpanel, der er skubbet ned i kantlisterne og holdt p\u00e5 plads af to sorte beslag. Skabelon til borehuller, monteringsvejledning, et hvidt indsatsskilt, skruer, plugs og monteringspuder medf\u00f8lger. Design dette lodrette A3-skilt (297\u00d7420) ved hj\u00e6lp af det gratis DURAPRINT\u00ae-program, der er tilg\u00e6ngeligt p\u00e5 www.duraprint.se. .<\/p>","protected":false},"excerpt":{"rendered":"<p>Stilfuldt d\u00f8rskilt i portr\u00e6t A3, 297x420mm. Fremstillet i aluminium med ikke-reflekterende frontpanel i akrylplast.<\/p>","protected":false},"featured_media":134916,"template":"","meta":{"_acf_changed":false},"product_brand":[],"product_cat":[4265],"product_tag":[4382],"class_list":{"0":"post-115143","1":"product","2":"type-product","3":"status-publish","4":"has-post-thumbnail","6":"product_cat-dorrskyltar-i-alumunium","7":"product_tag-silver","8":"product_shipping_class-tunga-paket","9":"pa_brands-durable","10":"pa_farg-silver","11":"tm-no-options","13":"first","14":"instock","15":"sale","16":"taxable","17":"shipping-taxable","18":"purchasable","19":"product-type-simple"},"acf":[],"_links":{"self":[{"href":"https:\/\/secureus.se\/dk\/wp-json\/wp\/v2\/product\/115143","targetHints":{"allow":["GET"]}}],"collection":[{"href":"https:\/\/secureus.se\/dk\/wp-json\/wp\/v2\/product"}],"about":[{"href":"https:\/\/secureus.se\/dk\/wp-json\/wp\/v2\/types\/product"}],"wp:featuredmedia":[{"embeddable":true,"href":"https:\/\/secureus.se\/dk\/wp-json\/wp\/v2\/media\/134916"}],"wp:attachment":[{"href":"https:\/\/secureus.se\/dk\/wp-json\/wp\/v2\/media?parent=115143"}],"wp:term":[{"taxonomy":"product_brand","embeddable":true,"href":"https:\/\/secureus.se\/dk\/wp-json\/wp\/v2\/product_brand?post=115143"},{"taxonomy":"product_cat","embeddable":true,"href":"https:\/\/secureus.se\/dk\/wp-json\/wp\/v2\/product_cat?post=115143"},{"taxonomy":"product_tag","embeddable":true,"href":"https:\/\/secureus.se\/dk\/wp-json\/wp\/v2\/product_tag?post=115143"}],"curies":[{"name":"wp","href":"https:\/\/api.w.org\/{rel}","templated":true}]}}