{"id":115148,"date":"2024-11-05T18:46:40","date_gmt":"2024-11-05T17:46:40","guid":{"rendered":"https:\/\/secureus.se\/?post_type=product&#038;p=115148"},"modified":"2026-01-12T12:24:19","modified_gmt":"2026-01-12T11:24:19","slug":"crystal-sign-148x148-refill","status":"publish","type":"product","link":"https:\/\/secureus.se\/dk\/crystal-sign-148x148-refill\/","title":{"rendered":"CRYSTAL SIGN 148\u00d7148 refill"},"content":{"rendered":"<p>Frostede indsatsark velegnet til skilt CRYSTAL SIGN 4822 i format 148x148mm. Design skiltet ved hj\u00e6lp af det gratis program DURAPRINT\u00ae, der findes p\u00e5 www.duraprint.se, og print med en laserprinter p\u00e5 det matte ark. En pakke indeholder 10 ark med 2 skilteindl\u00e6g\/ark. Pladerne er perforerede og lette at rive fra hinanden.<\/p>","protected":false},"excerpt":{"rendered":"<p>10 ark der giver 20 frostede indl\u00e6g til skilt CRYSTAL SIGN 4822 i format 148x148mm.<\/p>","protected":false},"featured_media":135122,"template":"","meta":{"_acf_changed":false},"product_brand":[],"product_cat":[4264],"product_tag":[4376],"class_list":{"0":"post-115148","1":"product","2":"type-product","3":"status-publish","4":"has-post-thumbnail","6":"product_cat-dorrskyltar-i-akryl","7":"product_tag-transparent","8":"product_shipping_class-tunga-paket","9":"pa_brands-durable","10":"pa_farg-transparent","11":"tm-no-options","13":"first","14":"instock","15":"sale","16":"taxable","17":"shipping-taxable","18":"purchasable","19":"product-type-simple"},"acf":[],"_links":{"self":[{"href":"https:\/\/secureus.se\/dk\/wp-json\/wp\/v2\/product\/115148","targetHints":{"allow":["GET"]}}],"collection":[{"href":"https:\/\/secureus.se\/dk\/wp-json\/wp\/v2\/product"}],"about":[{"href":"https:\/\/secureus.se\/dk\/wp-json\/wp\/v2\/types\/product"}],"wp:featuredmedia":[{"embeddable":true,"href":"https:\/\/secureus.se\/dk\/wp-json\/wp\/v2\/media\/135122"}],"wp:attachment":[{"href":"https:\/\/secureus.se\/dk\/wp-json\/wp\/v2\/media?parent=115148"}],"wp:term":[{"taxonomy":"product_brand","embeddable":true,"href":"https:\/\/secureus.se\/dk\/wp-json\/wp\/v2\/product_brand?post=115148"},{"taxonomy":"product_cat","embeddable":true,"href":"https:\/\/secureus.se\/dk\/wp-json\/wp\/v2\/product_cat?post=115148"},{"taxonomy":"product_tag","embeddable":true,"href":"https:\/\/secureus.se\/dk\/wp-json\/wp\/v2\/product_tag?post=115148"}],"curies":[{"name":"wp","href":"https:\/\/api.w.org\/{rel}","templated":true}]}}