{"id":115152,"date":"2024-11-20T14:11:40","date_gmt":"2024-11-20T13:11:40","guid":{"rendered":"https:\/\/secureus.se\/?post_type=product&#038;p=115152"},"modified":"2026-01-12T12:03:43","modified_gmt":"2026-01-12T11:03:43","slug":"magnetetikett-c-profile-30-5-pack","status":"publish","type":"product","link":"https:\/\/secureus.se\/dk\/magnetetikett-c-profile-30-5-pack\/","title":{"rendered":"Magnetisk etiket C-PROFIL 30 5-pak"},"content":{"rendered":"<p>Magnetisk etiketholder inkl. etiket og gennemsigtig plast, der beskytter mod snavs. Til m\u00e6rkning og scanning af f.eks. priser og stregkoder p\u00e5 hyldekanter, pallereoler, skabe, pusleskabe og metalkasser. Nem at flytte, n\u00e5r varer skifter lagersted for altid at have opdateret m\u00e6rkning. Gratis skabeloner til at designe og printe stilfulde etiketter er tilg\u00e6ngelige p\u00e5 www.duraprint.se.<br \/>\nDimensioner: 200 x 30 mm (L x H)<br \/>\nTilbeh\u00f8r:<br \/>\nEkstra etiketter p\u00e5 A5-ark til print i printer, varenr 804102.<\/p>","protected":false},"excerpt":{"rendered":"<p>Magnetisk etiketholder med hvide etiketter og gennemsigtig beskyttelsesplast. Skriveh\u00f8jde 3 cm, l\u00e6ngde 20 cm.<\/p>","protected":false},"featured_media":134636,"template":"","meta":{"_acf_changed":false},"product_brand":[],"product_cat":[4269],"product_tag":[4390],"class_list":{"0":"post-115152","1":"product","2":"type-product","3":"status-publish","4":"has-post-thumbnail","6":"product_cat-magnetisk-fastsattning","7":"product_tag-morkgra","8":"product_shipping_class-tunga-paket","9":"pa_brands-durable","10":"pa_farg-morkgra","11":"tm-no-options","13":"first","14":"instock","15":"sale","16":"taxable","17":"shipping-taxable","18":"purchasable","19":"product-type-simple"},"acf":[],"_links":{"self":[{"href":"https:\/\/secureus.se\/dk\/wp-json\/wp\/v2\/product\/115152","targetHints":{"allow":["GET"]}}],"collection":[{"href":"https:\/\/secureus.se\/dk\/wp-json\/wp\/v2\/product"}],"about":[{"href":"https:\/\/secureus.se\/dk\/wp-json\/wp\/v2\/types\/product"}],"wp:featuredmedia":[{"embeddable":true,"href":"https:\/\/secureus.se\/dk\/wp-json\/wp\/v2\/media\/134636"}],"wp:attachment":[{"href":"https:\/\/secureus.se\/dk\/wp-json\/wp\/v2\/media?parent=115152"}],"wp:term":[{"taxonomy":"product_brand","embeddable":true,"href":"https:\/\/secureus.se\/dk\/wp-json\/wp\/v2\/product_brand?post=115152"},{"taxonomy":"product_cat","embeddable":true,"href":"https:\/\/secureus.se\/dk\/wp-json\/wp\/v2\/product_cat?post=115152"},{"taxonomy":"product_tag","embeddable":true,"href":"https:\/\/secureus.se\/dk\/wp-json\/wp\/v2\/product_tag?post=115152"}],"curies":[{"name":"wp","href":"https:\/\/api.w.org\/{rel}","templated":true}]}}