{"id":115164,"date":"2024-11-20T14:00:17","date_gmt":"2024-11-20T13:00:17","guid":{"rendered":"https:\/\/secureus.se\/?post_type=product&#038;p=115164"},"modified":"2026-01-12T12:25:12","modified_gmt":"2026-01-12T11:25:12","slug":"inforam-duraframe-wallpaper-a3-2","status":"publish","type":"product","link":"https:\/\/secureus.se\/dk\/inforam-duraframe-wallpaper-a3-2\/","title":{"rendered":"Inforamme DURAFRAME\u00ae WALLPAPER A3"},"content":{"rendered":"<p>Brug selvkl\u00e6bende DURAFRAME\u00ae WALLPAPER inforammer til at vise og pr\u00e6sentere kampagnetilbud, \u00e5bningstider, skilte og anden midlertidig eller mere permanent information p\u00e5 en professionel m\u00e5de. Kan monteres p\u00e5 f\u00f8lsomme overflader som tapet, tr\u00e6 og de fleste plastoverflader med de selvkl\u00e6bende kl\u00e6bende strimler.<br \/>\nNemt at inds\u00e6tte eller \u00e6ndre beskeder ved at l\u00f8fte fronten med magnetlukning. DURAFRAME\u00ae WALLPAPER kan fjernes uden at efterlade m\u00e6rker eller beskadige underlaget i henhold til instruktionerne p\u00e5 emballagen og symbolerne p\u00e5 rammen. Udskiftningss\u00e6t med 4 kl\u00e6bestrimler medf\u00f8lger.<br \/>\nTil dokumenter i A3-format. Yderm\u00e5l 323\u00d7446 mm.<br \/>\nEmballage med 1 stk.<\/p>","protected":false},"excerpt":{"rendered":"<p>Brugervenlig, selvkl\u00e6bende inforamme til forskellige typer information, der skal ops\u00e6ttes p\u00e5 f\u00f8lsomme underlag, f.eks. Til dokumenter i A3-format. med oplukkelig magnetramme til A4-format. Fastg\u00f8res med kl\u00e6bestrimler, der virker p\u00e5 f\u00f8lsomme overflader som tapet mm. <\/p>","protected":false},"featured_media":134664,"template":"","meta":{"_acf_changed":false},"product_brand":[],"product_cat":[4292],"product_tag":[4381],"class_list":{"0":"post-115164","1":"product","2":"type-product","3":"status-publish","4":"has-post-thumbnail","6":"product_cat-inforamar-for-kansliga-ytor","7":"product_tag-svart","8":"product_shipping_class-tunga-paket","9":"pa_brands-durable","10":"pa_farg-svart","11":"tm-no-options","13":"first","14":"instock","15":"sale","16":"taxable","17":"shipping-taxable","18":"purchasable","19":"product-type-simple"},"acf":[],"_links":{"self":[{"href":"https:\/\/secureus.se\/dk\/wp-json\/wp\/v2\/product\/115164","targetHints":{"allow":["GET"]}}],"collection":[{"href":"https:\/\/secureus.se\/dk\/wp-json\/wp\/v2\/product"}],"about":[{"href":"https:\/\/secureus.se\/dk\/wp-json\/wp\/v2\/types\/product"}],"wp:featuredmedia":[{"embeddable":true,"href":"https:\/\/secureus.se\/dk\/wp-json\/wp\/v2\/media\/134664"}],"wp:attachment":[{"href":"https:\/\/secureus.se\/dk\/wp-json\/wp\/v2\/media?parent=115164"}],"wp:term":[{"taxonomy":"product_brand","embeddable":true,"href":"https:\/\/secureus.se\/dk\/wp-json\/wp\/v2\/product_brand?post=115164"},{"taxonomy":"product_cat","embeddable":true,"href":"https:\/\/secureus.se\/dk\/wp-json\/wp\/v2\/product_cat?post=115164"},{"taxonomy":"product_tag","embeddable":true,"href":"https:\/\/secureus.se\/dk\/wp-json\/wp\/v2\/product_tag?post=115164"}],"curies":[{"name":"wp","href":"https:\/\/api.w.org\/{rel}","templated":true}]}}