{"id":115193,"date":"2024-11-20T14:12:52","date_gmt":"2024-11-20T13:12:52","guid":{"rendered":"https:\/\/secureus.se\/?post_type=product&#038;p=115193"},"modified":"2026-01-12T12:46:42","modified_gmt":"2026-01-12T11:46:42","slug":"namnskylt-60x90-halsband","status":"publish","type":"product","link":"https:\/\/secureus.se\/dk\/namnskylt-60x90-halsband\/","title":{"rendered":"Navneskilt 60\u00d790, halsk\u00e6de"},"content":{"rendered":"<p>Konferencedeltagere, bes\u00f8gende p\u00e5 virksomheder, personale p\u00e5 messer, i butikker, servicefag og s\u00e6lgere - listen kan udvides, hvor der er behov for navneskilte i forskellige st\u00f8rrelser, udformninger og fastg\u00f8relsesmuligheder. Dette navneskilt i liggende format 60x90mm leveres komplet med en 1 cm bred og 88 cm lang tekstil halsk\u00e6de med sikkerhedsl\u00e5s. Den nedsk\u00e5rne front g\u00f8r det nemt, hvis kortet skal udskiftes relativt ofte. Der medf\u00f8lger hvide etiketter i en strimmel. Etiketter p\u00e5 A4-ark til print i printere kan bestilles separat. Brug det gratis program DURAPRINT\u00ae, som er tilg\u00e6ngeligt p\u00e5 www.duraprint.se til at skabe og udskrive stilfulde navnelabels.<br \/>\nTilbeh\u00f8r:<br \/>\nBadgemaker\u00ae-etiketter p\u00e5 A4-ark til udskrivning i printer, varenr <\/p>","protected":false},"excerpt":{"rendered":"<p>H\u00e6ngende navneskilt i liggende format 60x90mm med smal tekstilkrave. Udsk\u00e6ring foran for let kortskift. 10 stk\/kasse<\/p>","protected":false},"featured_media":134630,"template":"","meta":{"_acf_changed":false},"product_brand":[],"product_cat":[4283],"product_tag":[4381],"class_list":{"0":"post-115193","1":"product","2":"type-product","3":"status-publish","4":"has-post-thumbnail","6":"product_cat-namnskyltar-med-nyckelband","7":"product_tag-svart","8":"product_shipping_class-tunga-paket","9":"pa_brands-durable","10":"pa_farg-svart","11":"tm-no-options","13":"first","14":"instock","15":"sale","16":"taxable","17":"shipping-taxable","18":"purchasable","19":"product-type-simple"},"acf":[],"_links":{"self":[{"href":"https:\/\/secureus.se\/dk\/wp-json\/wp\/v2\/product\/115193","targetHints":{"allow":["GET"]}}],"collection":[{"href":"https:\/\/secureus.se\/dk\/wp-json\/wp\/v2\/product"}],"about":[{"href":"https:\/\/secureus.se\/dk\/wp-json\/wp\/v2\/types\/product"}],"wp:featuredmedia":[{"embeddable":true,"href":"https:\/\/secureus.se\/dk\/wp-json\/wp\/v2\/media\/134630"}],"wp:attachment":[{"href":"https:\/\/secureus.se\/dk\/wp-json\/wp\/v2\/media?parent=115193"}],"wp:term":[{"taxonomy":"product_brand","embeddable":true,"href":"https:\/\/secureus.se\/dk\/wp-json\/wp\/v2\/product_brand?post=115193"},{"taxonomy":"product_cat","embeddable":true,"href":"https:\/\/secureus.se\/dk\/wp-json\/wp\/v2\/product_cat?post=115193"},{"taxonomy":"product_tag","embeddable":true,"href":"https:\/\/secureus.se\/dk\/wp-json\/wp\/v2\/product_tag?post=115193"}],"curies":[{"name":"wp","href":"https:\/\/api.w.org\/{rel}","templated":true}]}}