{"id":115206,"date":"2024-11-20T14:40:31","date_gmt":"2024-11-20T13:40:31","guid":{"rendered":"https:\/\/secureus.se\/?post_type=product&#038;p=115206"},"modified":"2026-01-12T12:51:28","modified_gmt":"2026-01-12T11:51:28","slug":"id-korthallare-outdoor-secure-armbindel-for-1-kort","status":"publish","type":"product","link":"https:\/\/secureus.se\/dk\/id-korthallare-outdoor-secure-armbindel-for-1-kort\/","title":{"rendered":"ID-kortholder OUTDOOR SECURE armbind til 1 kort"},"content":{"rendered":"<p>Beskyt ID-kortet, autorisationskortet eller adgangskortet ved at bruge en kortholder med tilpasset design og vedh\u00e6ftning - s\u00e5 kortet altid er sikkert p\u00e5 plads uden at v\u00e6re af vejen, men stadig let tilg\u00e6ngeligt. Justerbart armb\u00e5nd 7-18 cm med kortholder, der er vand- og UV-afvisende og kan modst\u00e5 ned til -20\u00b0C, hvilket g\u00f8r at den fungerer godt til udend\u00f8rsbrug. Til standardkort ca.<\/p>","protected":false},"excerpt":{"rendered":"<p>Armb\u00e5nd med kortholder til 1 vandret adgangskort i standardformat. 10 stk\/kasse<\/p>","protected":false},"featured_media":133187,"template":"","meta":{"_acf_changed":false},"product_brand":[],"product_cat":[1671],"product_tag":[4376],"class_list":{"0":"post-115206","1":"product","2":"type-product","3":"status-publish","4":"has-post-thumbnail","6":"product_cat-korthallare-for-arbetsplagg","7":"product_tag-transparent","8":"product_shipping_class-tunga-paket","9":"pa_brands-durable","10":"pa_farg-transparent","11":"tm-no-options","13":"first","14":"instock","15":"sale","16":"taxable","17":"shipping-taxable","18":"purchasable","19":"product-type-simple"},"acf":[],"_links":{"self":[{"href":"https:\/\/secureus.se\/dk\/wp-json\/wp\/v2\/product\/115206","targetHints":{"allow":["GET"]}}],"collection":[{"href":"https:\/\/secureus.se\/dk\/wp-json\/wp\/v2\/product"}],"about":[{"href":"https:\/\/secureus.se\/dk\/wp-json\/wp\/v2\/types\/product"}],"wp:featuredmedia":[{"embeddable":true,"href":"https:\/\/secureus.se\/dk\/wp-json\/wp\/v2\/media\/133187"}],"wp:attachment":[{"href":"https:\/\/secureus.se\/dk\/wp-json\/wp\/v2\/media?parent=115206"}],"wp:term":[{"taxonomy":"product_brand","embeddable":true,"href":"https:\/\/secureus.se\/dk\/wp-json\/wp\/v2\/product_brand?post=115206"},{"taxonomy":"product_cat","embeddable":true,"href":"https:\/\/secureus.se\/dk\/wp-json\/wp\/v2\/product_cat?post=115206"},{"taxonomy":"product_tag","embeddable":true,"href":"https:\/\/secureus.se\/dk\/wp-json\/wp\/v2\/product_tag?post=115206"}],"curies":[{"name":"wp","href":"https:\/\/api.w.org\/{rel}","templated":true}]}}