{"id":115254,"date":"2024-11-20T13:55:48","date_gmt":"2024-11-20T12:55:48","guid":{"rendered":"https:\/\/secureus.se\/?post_type=product&#038;p=115254"},"modified":"2026-01-12T12:25:35","modified_gmt":"2026-01-12T11:25:35","slug":"crystal-sign-297x420-a3-staende-refill","status":"publish","type":"product","link":"https:\/\/secureus.se\/dk\/crystal-sign-297x420-a3-staende-refill\/","title":{"rendered":"CRYSTAL SIGN 297\u00d7420 (A3 portr\u00e6t) refill"},"content":{"rendered":"<p>Frostede indl\u00e6gsark velegnet til skilt CRYSTAL SIGN 4826, lodret A3 format (297x420mm). Design skiltet ved hj\u00e6lp af det gratis program DURAPRINT\u00ae, der findes p\u00e5 www.duraprint.se, og print med en laserprinter p\u00e5 det matte ark. En pakke indeholder 10 ark med 1 skiltindsats\/ark. Pladerne er perforerede og lette at rive fra hinanden.<\/p>","protected":false},"excerpt":{"rendered":"<p>10 frostede indsatser til skilt CRYSTAL SIGN 4826 i format portr\u00e6t A3 (297x420mm).<\/p>","protected":false},"featured_media":135159,"template":"","meta":{"_acf_changed":false},"product_brand":[],"product_cat":[4264],"product_tag":[4376],"class_list":{"0":"post-115254","1":"product","2":"type-product","3":"status-publish","4":"has-post-thumbnail","6":"product_cat-dorrskyltar-i-akryl","7":"product_tag-transparent","8":"product_shipping_class-tunga-paket","9":"pa_brands-durable","10":"pa_farg-transparent","11":"tm-no-options","13":"first","14":"instock","15":"sale","16":"taxable","17":"shipping-taxable","18":"purchasable","19":"product-type-simple"},"acf":[],"_links":{"self":[{"href":"https:\/\/secureus.se\/dk\/wp-json\/wp\/v2\/product\/115254","targetHints":{"allow":["GET"]}}],"collection":[{"href":"https:\/\/secureus.se\/dk\/wp-json\/wp\/v2\/product"}],"about":[{"href":"https:\/\/secureus.se\/dk\/wp-json\/wp\/v2\/types\/product"}],"wp:featuredmedia":[{"embeddable":true,"href":"https:\/\/secureus.se\/dk\/wp-json\/wp\/v2\/media\/135159"}],"wp:attachment":[{"href":"https:\/\/secureus.se\/dk\/wp-json\/wp\/v2\/media?parent=115254"}],"wp:term":[{"taxonomy":"product_brand","embeddable":true,"href":"https:\/\/secureus.se\/dk\/wp-json\/wp\/v2\/product_brand?post=115254"},{"taxonomy":"product_cat","embeddable":true,"href":"https:\/\/secureus.se\/dk\/wp-json\/wp\/v2\/product_cat?post=115254"},{"taxonomy":"product_tag","embeddable":true,"href":"https:\/\/secureus.se\/dk\/wp-json\/wp\/v2\/product_tag?post=115254"}],"curies":[{"name":"wp","href":"https:\/\/api.w.org\/{rel}","templated":true}]}}