{"id":115257,"date":"2024-11-20T14:04:21","date_gmt":"2024-11-20T13:04:21","guid":{"rendered":"https:\/\/secureus.se\/?post_type=product&#038;p=115257"},"modified":"2026-01-12T12:10:32","modified_gmt":"2026-01-12T11:10:32","slug":"forsta-hjalpen-skap-first-aid-box-m-med-innehall-enl-din-131642022","status":"publish","type":"product","link":"https:\/\/secureus.se\/dk\/forsta-hjalpen-skap-first-aid-box-m-med-innehall-enl-din-131642022\/","title":{"rendered":"F\u00f8rstehj\u00e6lpsskab F\u00d8RSTEHJ\u00c6LPSBOKS M med indhold iflg. DIN 13164:2022"},"content":{"rendered":"<p>Saml f\u00f8rstehj\u00e6lpsartikler, hovedpinetabletter og lignende \u00e9t sted, s\u00e5 det er let tilg\u00e6ngeligt, n\u00e5r det er n\u00f8dvendigt. Designet f\u00f8rstehj\u00e6lpsskab af aluminium med 2 drejelige rum, der kan fyldes med indhold efter behov. Skrue og prop til v\u00e6gmontering og et selvkl\u00e6bende f\u00f8rstehj\u00e6lpsskilt medf\u00f8lger. Cylinderl\u00e5s inklusive 2 n\u00f8gler g\u00f8r skabet afl\u00e5seligt. Leveres med F\u00d8RSTEHJ\u00c6LPSS\u00c6T M \u2013 et komplet sortiment af f\u00f8rstehj\u00e6lpsartikler, f.eks. plaster, kompresser, bandager, tape, plastikhandsker, redningst\u00e6ppe (som beskytter mod hypotermi) iht. DIN 13164 beregnet til privat brug. M\u00e5l: 28x30x12cm HxBxD. <\/p>","protected":false},"excerpt":{"rendered":"<p>F\u00f8rstehj\u00e6lpsskab i aluminium med to rum inklusive et s\u00e6t med 36 f\u00f8rstehj\u00e6lpsartikler.<\/p>","protected":false},"featured_media":133902,"template":"","meta":{"_acf_changed":false},"product_brand":[],"product_cat":[1573],"product_tag":[4382],"class_list":{"0":"post-115257","1":"product","2":"type-product","3":"status-publish","4":"has-post-thumbnail","6":"product_cat-forsta-hjalpen","7":"product_tag-silver","8":"product_shipping_class-tunga-paket","9":"pa_brands-durable","10":"pa_farg-silver","11":"tm-no-options","13":"first","14":"instock","15":"sale","16":"taxable","17":"shipping-taxable","18":"purchasable","19":"product-type-simple"},"acf":[],"_links":{"self":[{"href":"https:\/\/secureus.se\/dk\/wp-json\/wp\/v2\/product\/115257","targetHints":{"allow":["GET"]}}],"collection":[{"href":"https:\/\/secureus.se\/dk\/wp-json\/wp\/v2\/product"}],"about":[{"href":"https:\/\/secureus.se\/dk\/wp-json\/wp\/v2\/types\/product"}],"wp:featuredmedia":[{"embeddable":true,"href":"https:\/\/secureus.se\/dk\/wp-json\/wp\/v2\/media\/133902"}],"wp:attachment":[{"href":"https:\/\/secureus.se\/dk\/wp-json\/wp\/v2\/media?parent=115257"}],"wp:term":[{"taxonomy":"product_brand","embeddable":true,"href":"https:\/\/secureus.se\/dk\/wp-json\/wp\/v2\/product_brand?post=115257"},{"taxonomy":"product_cat","embeddable":true,"href":"https:\/\/secureus.se\/dk\/wp-json\/wp\/v2\/product_cat?post=115257"},{"taxonomy":"product_tag","embeddable":true,"href":"https:\/\/secureus.se\/dk\/wp-json\/wp\/v2\/product_tag?post=115257"}],"curies":[{"name":"wp","href":"https:\/\/api.w.org\/{rel}","templated":true}]}}