{"id":115279,"date":"2024-11-20T14:09:56","date_gmt":"2024-11-20T13:09:56","guid":{"rendered":"https:\/\/secureus.se\/?post_type=product&#038;p=115279"},"modified":"2026-01-12T13:00:02","modified_gmt":"2026-01-12T12:00:02","slug":"flexiplus-2-a4-staende-broschyrfack-2","status":"publish","type":"product","link":"https:\/\/secureus.se\/dk\/flexiplus-2-a4-staende-broschyrfack-2\/","title":{"rendered":"FLEXIPLUS 2 A4 st\u00e5ende brochurebakke"},"content":{"rendered":"<p>Formbakker, brochurestativer, brevbakker - FLEXIPLUS er en serie af pladsbesparende, fleksible og v\u00e6gmonterede holdere til brochurer, magasiner, formularer og anden information i A4-format. Hvert rum har en kapacitet p\u00e5 24 mm tykke bundter. Dette er et komplet s\u00e6t med 2 rum i st\u00e5ende format, hvor rummene kan samles eller bruges hver for sig. Der medf\u00f8lger et s\u00e6t skruer og propper. Hvert rum m\u00e5ler 25\u00d727,5\u00d73,5 cm (BxHxD). Monteret vinklet ud fra v\u00e6ggen bygger den 10cm og har en bredde p\u00e5 25cm og er 36cm h\u00f8j n\u00e5r begge rum er samlet. Kan bygges p\u00e5 med flere rum efter behov ved at h\u00e6gte rummene p\u00e5 efter hinanden. <\/p>","protected":false},"excerpt":{"rendered":"<p>Komplet s\u00e6t med 2 h\u00e6ftebakker FLEXIPLUS A4 i st\u00e5ende format.<\/p>","protected":false},"featured_media":133795,"template":"","meta":{"_acf_changed":false},"product_brand":[],"product_cat":[4280],"product_tag":[4376],"class_list":{"0":"post-115279","1":"product","2":"type-product","3":"status-publish","4":"has-post-thumbnail","6":"product_cat-broschyrstall","7":"product_tag-transparent","8":"product_shipping_class-tunga-paket","9":"pa_brands-durable","10":"pa_farg-transparent","11":"tm-no-options","13":"first","14":"instock","15":"sale","16":"taxable","17":"shipping-taxable","18":"purchasable","19":"product-type-simple"},"acf":[],"_links":{"self":[{"href":"https:\/\/secureus.se\/dk\/wp-json\/wp\/v2\/product\/115279","targetHints":{"allow":["GET"]}}],"collection":[{"href":"https:\/\/secureus.se\/dk\/wp-json\/wp\/v2\/product"}],"about":[{"href":"https:\/\/secureus.se\/dk\/wp-json\/wp\/v2\/types\/product"}],"wp:featuredmedia":[{"embeddable":true,"href":"https:\/\/secureus.se\/dk\/wp-json\/wp\/v2\/media\/133795"}],"wp:attachment":[{"href":"https:\/\/secureus.se\/dk\/wp-json\/wp\/v2\/media?parent=115279"}],"wp:term":[{"taxonomy":"product_brand","embeddable":true,"href":"https:\/\/secureus.se\/dk\/wp-json\/wp\/v2\/product_brand?post=115279"},{"taxonomy":"product_cat","embeddable":true,"href":"https:\/\/secureus.se\/dk\/wp-json\/wp\/v2\/product_cat?post=115279"},{"taxonomy":"product_tag","embeddable":true,"href":"https:\/\/secureus.se\/dk\/wp-json\/wp\/v2\/product_tag?post=115279"}],"curies":[{"name":"wp","href":"https:\/\/api.w.org\/{rel}","templated":true}]}}