{"id":115280,"date":"2024-11-20T14:03:11","date_gmt":"2024-11-20T13:03:11","guid":{"rendered":"https:\/\/secureus.se\/?post_type=product&#038;p=115280"},"modified":"2025-12-31T21:39:56","modified_gmt":"2025-12-31T20:39:56","slug":"klamlist-magnetisk-sjalvhaftande-durafix-roll-5-m-2","status":"publish","type":"product","link":"https:\/\/secureus.se\/dk\/klamlist-magnetisk-sjalvhaftande-durafix-roll-5-m-2\/","title":{"rendered":"Klemmeb\u00e5nd magnetisk, selvkl\u00e6bende DURAFIX\u00ae RULLE 5 m"},"content":{"rendered":"<p>Send noter, p\u00e5mindelser og mere hurtigt og nemt med DURAFIX\u00ae. Nem h\u00e5ndtering: fastg\u00f8r den selvkl\u00e6bende magnetstrimmel, \u00e5bn, l\u00e6g en seddel og luk. Listen, som kan sk\u00e6res i den \u00f8nskede l\u00e6ngde, monteres p\u00e5 glatte overflader som skabe, glasl\u00e5ger, butiksvinduer, whiteboards eller messestande og efterlader ingen spor, n\u00e5r den fjernes fra glatte overflader. Ser godt ud fra begge sider af en glasrude. Rulle \u00e1 5 meter, h\u00f8jde 17 mm.<\/p>","protected":false},"excerpt":{"rendered":"<p>Selvkl\u00e6bende magnetisk klemmeskinne til information. Kan sk\u00e6res til i \u00f8nsket l\u00e6ngde.<\/p>","protected":false},"featured_media":134737,"template":"","meta":{"_acf_changed":false},"product_brand":[],"product_cat":[4269],"product_tag":[4387],"class_list":{"0":"post-115280","1":"product","2":"type-product","3":"status-publish","4":"has-post-thumbnail","6":"product_cat-magnetisk-fastsattning","7":"product_tag-bla","8":"product_shipping_class-tunga-paket","9":"pa_brands-durable","10":"pa_farg-bla","11":"tm-no-options","13":"first","14":"instock","15":"sale","16":"taxable","17":"shipping-taxable","18":"purchasable","19":"product-type-simple"},"acf":[],"_links":{"self":[{"href":"https:\/\/secureus.se\/dk\/wp-json\/wp\/v2\/product\/115280","targetHints":{"allow":["GET"]}}],"collection":[{"href":"https:\/\/secureus.se\/dk\/wp-json\/wp\/v2\/product"}],"about":[{"href":"https:\/\/secureus.se\/dk\/wp-json\/wp\/v2\/types\/product"}],"wp:featuredmedia":[{"embeddable":true,"href":"https:\/\/secureus.se\/dk\/wp-json\/wp\/v2\/media\/134737"}],"wp:attachment":[{"href":"https:\/\/secureus.se\/dk\/wp-json\/wp\/v2\/media?parent=115280"}],"wp:term":[{"taxonomy":"product_brand","embeddable":true,"href":"https:\/\/secureus.se\/dk\/wp-json\/wp\/v2\/product_brand?post=115280"},{"taxonomy":"product_cat","embeddable":true,"href":"https:\/\/secureus.se\/dk\/wp-json\/wp\/v2\/product_cat?post=115280"},{"taxonomy":"product_tag","embeddable":true,"href":"https:\/\/secureus.se\/dk\/wp-json\/wp\/v2\/product_tag?post=115280"}],"curies":[{"name":"wp","href":"https:\/\/api.w.org\/{rel}","templated":true}]}}