{"id":115303,"date":"2024-11-05T18:20:29","date_gmt":"2024-11-05T17:20:29","guid":{"rendered":"https:\/\/secureus.se\/?post_type=product&#038;p=115303"},"modified":"2026-01-12T12:38:30","modified_gmt":"2026-01-12T11:38:30","slug":"bladderstall-function-wall-10","status":"publish","type":"product","link":"https:\/\/secureus.se\/dk\/bladderstall-function-wall-10\/","title":{"rendered":"Flipover-stativ FUNKTIONSV\u00c6G 10"},"content":{"rendered":"<p>Informations- og pr\u00e6sentationsstande, der har mange forskellige navne; panel, display, oversigtssystem, vingeregister, PLU holder, dokumentholder, snydeark\u2026. Uanset navnet har den mange anvendelsesmuligheder p\u00e5 lagre, i produktionsfaciliteter, kassediske mv. Hyppigt anvendte informationer gemmes, findes hurtigt og er let at se i oversigtssystemet. FUNCTION WALL 10 er en komplet metalv\u00e6gholder med 10 scanbare plastlommer med r\u00f8de og bl\u00e5 kanter og faste hovedholdere. Til dokumenter i A4-format. Ved ind- og udtagning af lommerne er det en god id\u00e9 at b\u00f8je lommen lidt forsigtigt p\u00e5 midten langs den indvendige langside. Dette vil g\u00f8re det nemt at inds\u00e6tte og fjerne lommen uden at beskadige piggene i holderen.<\/p>","protected":false},"excerpt":{"rendered":"<p>Komplet metalv\u00e6gstativ med 10 flip-up A4-paneler for at have ofte brugt information hurtigt og overskueligt ved h\u00e5nden. <\/p>","protected":false},"featured_media":135147,"template":"","meta":{"_acf_changed":false},"product_brand":[],"product_cat":[4301],"product_tag":[4397],"class_list":{"0":"post-115303","1":"product","2":"type-product","3":"status-publish","4":"has-post-thumbnail","6":"product_cat-tillbehor-till-bladderpanelsystem","7":"product_tag-mix","8":"product_shipping_class-tunga-paket","9":"pa_brands-durable","10":"pa_farg-mix","11":"tm-no-options","13":"first","14":"instock","15":"sale","16":"taxable","17":"shipping-taxable","18":"purchasable","19":"product-type-simple"},"acf":[],"_links":{"self":[{"href":"https:\/\/secureus.se\/dk\/wp-json\/wp\/v2\/product\/115303","targetHints":{"allow":["GET"]}}],"collection":[{"href":"https:\/\/secureus.se\/dk\/wp-json\/wp\/v2\/product"}],"about":[{"href":"https:\/\/secureus.se\/dk\/wp-json\/wp\/v2\/types\/product"}],"wp:featuredmedia":[{"embeddable":true,"href":"https:\/\/secureus.se\/dk\/wp-json\/wp\/v2\/media\/135147"}],"wp:attachment":[{"href":"https:\/\/secureus.se\/dk\/wp-json\/wp\/v2\/media?parent=115303"}],"wp:term":[{"taxonomy":"product_brand","embeddable":true,"href":"https:\/\/secureus.se\/dk\/wp-json\/wp\/v2\/product_brand?post=115303"},{"taxonomy":"product_cat","embeddable":true,"href":"https:\/\/secureus.se\/dk\/wp-json\/wp\/v2\/product_cat?post=115303"},{"taxonomy":"product_tag","embeddable":true,"href":"https:\/\/secureus.se\/dk\/wp-json\/wp\/v2\/product_tag?post=115303"}],"curies":[{"name":"wp","href":"https:\/\/api.w.org\/{rel}","templated":true}]}}