{"id":115324,"date":"2024-11-20T14:03:12","date_gmt":"2024-11-20T13:03:12","guid":{"rendered":"https:\/\/secureus.se\/?post_type=product&#038;p=115324"},"modified":"2025-12-31T21:31:15","modified_gmt":"2025-12-31T20:31:15","slug":"magnetklamma-sjalvhaftande-durafix-clip-60-mm-10-pack","status":"publish","type":"product","link":"https:\/\/secureus.se\/dk\/magnetklamma-sjalvhaftande-durafix-clip-60-mm-10-pack\/","title":{"rendered":"Magnetisk clips selvkl\u00e6bende DURAFIX\u00ae CLIP 60 mm 10-pak"},"content":{"rendered":"<p>Send noter, p\u00e5mindelser og mere hurtigt og nemt med DURAFIX\u00ae. Nem h\u00e5ndtering: S\u00e6t den selvkl\u00e6bende magnetclip p\u00e5, \u00e5bn, inds\u00e6t en seddel og luk. Klemmen placeres p\u00e5 glatte overflader s\u00e5som skabe, glasd\u00f8re, k\u00f8leskabe eller messeudstillinger og efterlader ingen spor, n\u00e5r den fjernes fra glatte overflader. M\u00e5l: 60x17 mm (BxH). Pose med 10 DURAFIX\u00ae CLIP klemmer; 4 sorte, 4 s\u00f8lv og 2 bl\u00e5.<\/p>","protected":false},"excerpt":{"rendered":"<p>Magnetisk klip til noter, p\u00e5mindelser mv. Selvkl\u00e6bende p\u00e5 glatte overflader.<\/p>","protected":false},"featured_media":134656,"template":"","meta":{"_acf_changed":false},"product_brand":[],"product_cat":[4269],"product_tag":[4397],"class_list":{"0":"post-115324","1":"product","2":"type-product","3":"status-publish","4":"has-post-thumbnail","6":"product_cat-magnetisk-fastsattning","7":"product_tag-mix","8":"product_shipping_class-tunga-paket","9":"pa_brands-durable","10":"pa_farg-mix","11":"tm-no-options","13":"first","14":"instock","15":"sale","16":"taxable","17":"shipping-taxable","18":"purchasable","19":"product-type-simple"},"acf":[],"_links":{"self":[{"href":"https:\/\/secureus.se\/dk\/wp-json\/wp\/v2\/product\/115324","targetHints":{"allow":["GET"]}}],"collection":[{"href":"https:\/\/secureus.se\/dk\/wp-json\/wp\/v2\/product"}],"about":[{"href":"https:\/\/secureus.se\/dk\/wp-json\/wp\/v2\/types\/product"}],"wp:featuredmedia":[{"embeddable":true,"href":"https:\/\/secureus.se\/dk\/wp-json\/wp\/v2\/media\/134656"}],"wp:attachment":[{"href":"https:\/\/secureus.se\/dk\/wp-json\/wp\/v2\/media?parent=115324"}],"wp:term":[{"taxonomy":"product_brand","embeddable":true,"href":"https:\/\/secureus.se\/dk\/wp-json\/wp\/v2\/product_brand?post=115324"},{"taxonomy":"product_cat","embeddable":true,"href":"https:\/\/secureus.se\/dk\/wp-json\/wp\/v2\/product_cat?post=115324"},{"taxonomy":"product_tag","embeddable":true,"href":"https:\/\/secureus.se\/dk\/wp-json\/wp\/v2\/product_tag?post=115324"}],"curies":[{"name":"wp","href":"https:\/\/api.w.org\/{rel}","templated":true}]}}