{"id":115351,"date":"2024-11-20T14:03:41","date_gmt":"2024-11-20T13:03:41","guid":{"rendered":"https:\/\/secureus.se\/?post_type=product&#038;p=115351"},"modified":"2025-09-15T12:39:59","modified_gmt":"2025-09-15T10:39:59","slug":"klamlist-magnetisk-durafix-rail-297-mm-2","status":"publish","type":"product","link":"https:\/\/secureus.se\/dk\/klamlist-magnetisk-durafix-rail-297-mm-2\/","title":{"rendered":"Klemmeb\u00e5nd magnetisk DURAFIX\u00ae SKINNE 297 mm"},"content":{"rendered":"<p>Send noter, p\u00e5mindelser og mere hurtigt og nemt med DURAFIX\u00ae. Nem h\u00e5ndtering: S\u00e6t den selvkl\u00e6bende magnetstrimmel p\u00e5, \u00e5bn, l\u00e6g en seddel og luk. Listen ops\u00e6ttes p\u00e5 glatte overflader som skabe, glasl\u00e5ger, butiksvinduer, whiteboards eller messestande og efterlader ingen spor, n\u00e5r den fjernes fra glatte overflader. Brug en eller to lister til at ops\u00e6tte oplysningerne. Ser godt ud fra begge sider af en glasrude. Dimensioner: 297\u00d717 mm (BxH) velegnet til A4 liggende og A3 portr\u00e6tformater. Pose med 5 DURAFIX\u00aeRAIL sp\u00e6ndeskinner.<\/p>","protected":false},"excerpt":{"rendered":"<p>Selvkl\u00e6bende magnetclips til dokumenter og noter. Til A4 liggende eller A3 st\u00e5ende format.<\/p>","protected":false},"featured_media":133818,"template":"","meta":{"_acf_changed":false},"product_brand":[],"product_cat":[4269],"product_tag":[4387],"class_list":{"0":"post-115351","1":"product","2":"type-product","3":"status-publish","4":"has-post-thumbnail","6":"product_cat-magnetisk-fastsattning","7":"product_tag-bla","8":"pa_brands-durable","9":"pa_farg-bla","10":"tm-no-options","12":"first","13":"instock","14":"sale","15":"taxable","16":"shipping-taxable","17":"purchasable","18":"product-type-simple"},"acf":[],"_links":{"self":[{"href":"https:\/\/secureus.se\/dk\/wp-json\/wp\/v2\/product\/115351","targetHints":{"allow":["GET"]}}],"collection":[{"href":"https:\/\/secureus.se\/dk\/wp-json\/wp\/v2\/product"}],"about":[{"href":"https:\/\/secureus.se\/dk\/wp-json\/wp\/v2\/types\/product"}],"wp:featuredmedia":[{"embeddable":true,"href":"https:\/\/secureus.se\/dk\/wp-json\/wp\/v2\/media\/133818"}],"wp:attachment":[{"href":"https:\/\/secureus.se\/dk\/wp-json\/wp\/v2\/media?parent=115351"}],"wp:term":[{"taxonomy":"product_brand","embeddable":true,"href":"https:\/\/secureus.se\/dk\/wp-json\/wp\/v2\/product_brand?post=115351"},{"taxonomy":"product_cat","embeddable":true,"href":"https:\/\/secureus.se\/dk\/wp-json\/wp\/v2\/product_cat?post=115351"},{"taxonomy":"product_tag","embeddable":true,"href":"https:\/\/secureus.se\/dk\/wp-json\/wp\/v2\/product_tag?post=115351"}],"curies":[{"name":"wp","href":"https:\/\/api.w.org\/{rel}","templated":true}]}}