{"id":115373,"date":"2024-11-20T14:10:22","date_gmt":"2024-11-20T13:10:22","guid":{"rendered":"https:\/\/secureus.se\/?post_type=product&#038;p=115373"},"modified":"2026-01-12T12:03:05","modified_gmt":"2026-01-12T11:03:05","slug":"golvmarkering-t-form","status":"publish","type":"product","link":"https:\/\/secureus.se\/dk\/golvmarkering-t-form\/","title":{"rendered":"Gulvm\u00e6rkning &quot;T-form&quot;"},"content":{"rendered":"<p>Selvkl\u00e6bende gulvmarkeringssymbol i form af et &quot;T&quot; til markering af pallepladser indend\u00f8rs. Fastg\u00f8res til rene og t\u00f8rre betongulve. Holdbar og holdbar med anti-skrid rating R9 i henhold til DIN 51130.<br \/>\nDimensioner (B x H x D): 100 mm x 0,7 mm x 150 mm<\/p>","protected":false},"excerpt":{"rendered":"<p>Selvkl\u00e6bende gulvmarkering i form af et &quot;T&quot; til markering af pallepladser.<\/p>","protected":false},"featured_media":133649,"template":"","meta":{"_acf_changed":false},"product_brand":[],"product_cat":[4302],"product_tag":[4395],"class_list":{"0":"post-115373","1":"product","2":"type-product","3":"status-publish","4":"has-post-thumbnail","6":"product_cat-markeringar-av-uppstallningsplatser","7":"product_tag-gul","8":"product_shipping_class-tunga-paket","9":"pa_brands-durable","10":"pa_farg-gul","11":"tm-no-options","13":"first","14":"instock","15":"sale","16":"taxable","17":"shipping-taxable","18":"purchasable","19":"product-type-simple"},"acf":[],"_links":{"self":[{"href":"https:\/\/secureus.se\/dk\/wp-json\/wp\/v2\/product\/115373","targetHints":{"allow":["GET"]}}],"collection":[{"href":"https:\/\/secureus.se\/dk\/wp-json\/wp\/v2\/product"}],"about":[{"href":"https:\/\/secureus.se\/dk\/wp-json\/wp\/v2\/types\/product"}],"wp:featuredmedia":[{"embeddable":true,"href":"https:\/\/secureus.se\/dk\/wp-json\/wp\/v2\/media\/133649"}],"wp:attachment":[{"href":"https:\/\/secureus.se\/dk\/wp-json\/wp\/v2\/media?parent=115373"}],"wp:term":[{"taxonomy":"product_brand","embeddable":true,"href":"https:\/\/secureus.se\/dk\/wp-json\/wp\/v2\/product_brand?post=115373"},{"taxonomy":"product_cat","embeddable":true,"href":"https:\/\/secureus.se\/dk\/wp-json\/wp\/v2\/product_cat?post=115373"},{"taxonomy":"product_tag","embeddable":true,"href":"https:\/\/secureus.se\/dk\/wp-json\/wp\/v2\/product_tag?post=115373"}],"curies":[{"name":"wp","href":"https:\/\/api.w.org\/{rel}","templated":true}]}}