{"id":115376,"date":"2024-11-20T14:16:23","date_gmt":"2024-11-20T13:16:23","guid":{"rendered":"https:\/\/secureus.se\/?post_type=product&#038;p=115376"},"modified":"2026-01-12T12:05:58","modified_gmt":"2026-01-12T11:05:58","slug":"plastficka-a5l-med-tradbygel-2","status":"publish","type":"product","link":"https:\/\/secureus.se\/dk\/plastficka-a5l-med-tradbygel-2\/","title":{"rendered":"Plastlomme A5L med wireklemme"},"content":{"rendered":"<p>Tydelig og pr\u00e6cis m\u00e6rkning af containere, pallekraver, pallekasser og netv\u00e6gge forbedrer og effektiviserer arbejdsprocessen p\u00e5 lagre og i produktionsfaciliteter. Plastlommerne lavet af slidst\u00e6rkt polypropylen kan afl\u00e6ses med en scanner. Et overtr\u00e6k betyder, at indl\u00e6gget er beskyttet mod snavs og fugt, ogs\u00e5 udend\u00f8rs. Fastg\u00f8res med en galvaniseret, fleksibel tr\u00e5dclips. En gratis skabelon til etiketten er tilg\u00e6ngelig p\u00e5 www.duraprint.se.<br \/>\nIndvendige m\u00e5l: A5L (210\u00d7148 mm B x H)<br \/>\nUdvendige m\u00e5l: 223\u00d7218 mm (B x H)<br \/>\nUdvendige m\u00e5l med st\u00e5ltr\u00e5den: 329\u00d7226 mm (B x H)<br \/>\nTilbeh\u00f8r: Etiketter p\u00e5 A4-ark, art. nr. 485502<\/p>","protected":false},"excerpt":{"rendered":"<p>Plastlomme med tr\u00e5doph\u00e6ng til brug p\u00e5 f.eks. net, pallekraver, pallekasser. Med et beskyttende d\u00e6ksel over \u00e5bningen.<\/p>","protected":false},"featured_media":133851,"template":"","meta":{"_acf_changed":false},"product_brand":[],"product_cat":[4306],"product_tag":[4387],"class_list":{"0":"post-115376","1":"product","2":"type-product","3":"status-publish","4":"has-post-thumbnail","6":"product_cat-markning-pallstall","7":"product_tag-bla","8":"product_shipping_class-tunga-paket","9":"pa_brands-durable","10":"pa_farg-bla","11":"tm-no-options","13":"first","14":"instock","15":"sale","16":"taxable","17":"shipping-taxable","18":"purchasable","19":"product-type-simple"},"acf":[],"_links":{"self":[{"href":"https:\/\/secureus.se\/dk\/wp-json\/wp\/v2\/product\/115376","targetHints":{"allow":["GET"]}}],"collection":[{"href":"https:\/\/secureus.se\/dk\/wp-json\/wp\/v2\/product"}],"about":[{"href":"https:\/\/secureus.se\/dk\/wp-json\/wp\/v2\/types\/product"}],"wp:featuredmedia":[{"embeddable":true,"href":"https:\/\/secureus.se\/dk\/wp-json\/wp\/v2\/media\/133851"}],"wp:attachment":[{"href":"https:\/\/secureus.se\/dk\/wp-json\/wp\/v2\/media?parent=115376"}],"wp:term":[{"taxonomy":"product_brand","embeddable":true,"href":"https:\/\/secureus.se\/dk\/wp-json\/wp\/v2\/product_brand?post=115376"},{"taxonomy":"product_cat","embeddable":true,"href":"https:\/\/secureus.se\/dk\/wp-json\/wp\/v2\/product_cat?post=115376"},{"taxonomy":"product_tag","embeddable":true,"href":"https:\/\/secureus.se\/dk\/wp-json\/wp\/v2\/product_tag?post=115376"}],"curies":[{"name":"wp","href":"https:\/\/api.w.org\/{rel}","templated":true}]}}