{"id":115385,"date":"2024-11-20T13:56:59","date_gmt":"2024-11-20T12:56:59","guid":{"rendered":"https:\/\/secureus.se\/?post_type=product&#038;p=115385"},"modified":"2026-01-12T12:27:01","modified_gmt":"2026-01-12T11:27:01","slug":"inforam-sjalvhaftande-duraframe-a3","status":"publish","type":"product","link":"https:\/\/secureus.se\/dk\/inforam-sjalvhaftande-duraframe-a3\/","title":{"rendered":"Inforamme selvkl\u00e6bende DURAFRAME\u00ae A3"},"content":{"rendered":"<p>Brug selvkl\u00e6bende DURAFRAME\u00ae inforammer til at vise kampagnetilbud, \u00e5bningstider, skilte og anden midlertidig eller mere permanent information p\u00e5 en professionel, hurtig og nem m\u00e5de:<br \/>\nFjern beskyttelsespapiret - s\u00e6t Duraframe fast - l\u00f8ft fronten med magnetlukningen - inds\u00e6t et eller to ark - fold forsiden ned - f\u00e6rdig! Nem at s\u00e6tte op \u2013 uden v\u00e6rkt\u00f8j eller andet tilbeh\u00f8r \u2013 p\u00e5 faste og glatte overflader. P\u00e6n og lettere h\u00e5ndtering end for eksempel tape, h\u00e6fteklammer eller h\u00e6fteklammer. Indsatsen forbliver sikkert p\u00e5 plads i b\u00e5de st\u00e5ende og liggende positioner takket v\u00e6re magneter p\u00e5 alle 3 \u00e5bne sider. Rammen ser ens ud p\u00e5 forsiden og bagsiden, hvilket er fantastisk, n\u00e5r det placeres p\u00e5 glasruder for et dobbeltsidet budskab. Den er aftagelig fra glasruder. Malede, coatede eller laminerede overflader kan blive beskadiget, hvis rammen fjernes.<br \/>\nTil dokumenter i A3-format. Yderm\u00e5l 325x445mm. DURAFRAME\u00ae f\u00e5s til dokumenter fra A6 til A2 i forskellige pakkest\u00f8rrelser. F\u00e5s i flere farver, s\u00e5 skiltningen passer til budskab, logofarve, \u00e5rstid eller er synlig nok eller m\u00e5ske det modsatte - er diskret.<br \/>\nEmballage med 2 stk.<\/p>\n<p>Til brug p\u00e5 f\u00f8lsomme underlag som tapet, malede, coatede eller laminerede overflader, brug venligst DURAFRAME\u00ae WALLPAPER.<br \/>\nTil brug p\u00e5 soleksponerede glasoverflader anbefaler vi DURAFRAME\u00ae SUN. <\/p>","protected":false},"excerpt":{"rendered":"<p>Selvkl\u00e6bende inforamme til at vise information p\u00e6nt. Front med magnetlukning for nem udskiftning af indsatser. <\/p>","protected":false},"featured_media":135119,"template":"","meta":{"_acf_changed":false},"product_brand":[],"product_cat":[4296],"product_tag":[4398],"class_list":{"0":"post-115385","1":"product","2":"type-product","3":"status-publish","4":"has-post-thumbnail","6":"product_cat-inforamar-for-slata-ytor","7":"product_tag-gron","8":"product_shipping_class-tunga-paket","9":"pa_brands-durable","10":"pa_farg-gron","11":"tm-no-options","13":"first","14":"instock","15":"sale","16":"taxable","17":"shipping-taxable","18":"purchasable","19":"product-type-simple"},"acf":[],"_links":{"self":[{"href":"https:\/\/secureus.se\/dk\/wp-json\/wp\/v2\/product\/115385","targetHints":{"allow":["GET"]}}],"collection":[{"href":"https:\/\/secureus.se\/dk\/wp-json\/wp\/v2\/product"}],"about":[{"href":"https:\/\/secureus.se\/dk\/wp-json\/wp\/v2\/types\/product"}],"wp:featuredmedia":[{"embeddable":true,"href":"https:\/\/secureus.se\/dk\/wp-json\/wp\/v2\/media\/135119"}],"wp:attachment":[{"href":"https:\/\/secureus.se\/dk\/wp-json\/wp\/v2\/media?parent=115385"}],"wp:term":[{"taxonomy":"product_brand","embeddable":true,"href":"https:\/\/secureus.se\/dk\/wp-json\/wp\/v2\/product_brand?post=115385"},{"taxonomy":"product_cat","embeddable":true,"href":"https:\/\/secureus.se\/dk\/wp-json\/wp\/v2\/product_cat?post=115385"},{"taxonomy":"product_tag","embeddable":true,"href":"https:\/\/secureus.se\/dk\/wp-json\/wp\/v2\/product_tag?post=115385"}],"curies":[{"name":"wp","href":"https:\/\/api.w.org\/{rel}","templated":true}]}}