{"id":115395,"date":"2024-11-20T14:16:24","date_gmt":"2024-11-20T13:16:24","guid":{"rendered":"https:\/\/secureus.se\/?post_type=product&#038;p=115395"},"modified":"2026-01-12T12:05:25","modified_gmt":"2026-01-12T11:05:25","slug":"plastficka-plus-a4l-extra-stark-magnet","status":"publish","type":"product","link":"https:\/\/secureus.se\/dk\/plastficka-plus-a4l-extra-stark-magnet\/","title":{"rendered":"Plastlomme Plus A4L ekstra st\u00e6rk magnet"},"content":{"rendered":"<p>Tydelig og omfattende m\u00e6rkning af bj\u00e6lker, hylder, d\u00f8re, paller, containere og andre rum forbedrer og effektiviserer arbejdsprocessen p\u00e5 lagre og i produktionsfaciliteter. De magnetiske plastlommer lavet af slidst\u00e6rkt polypropylen kan afl\u00e6ses med en scanner og beskytter de udskiftelige indsatser mod snavs. To neodymmagneter med st\u00e6rk kl\u00e6bekraft holder lommen p\u00e5 plads. En gratis skabelon til etiketten er tilg\u00e6ngelig p\u00e5 www.duraprint.se.<br \/>\nIndvendige m\u00e5l: A4L (297\u00d7210 mm B x H)<br \/>\nYderm\u00e5l: 311\u00d7280 mm (B x H)<br \/>\nTilbeh\u00f8r: Etiketter p\u00e5 A4-ark, art. nr. 485602<\/p>","protected":false},"excerpt":{"rendered":"<p>Plastlomme med to ekstra st\u00e6rke neodymmagneter. Til brug p\u00e5 metaloverflader som opbevaringshylder, bj\u00e6lker og metalbeholdere.<\/p>","protected":false},"featured_media":133572,"template":"","meta":{"_acf_changed":false},"product_brand":[],"product_cat":[4306],"product_tag":[4395],"class_list":{"0":"post-115395","1":"product","2":"type-product","3":"status-publish","4":"has-post-thumbnail","6":"product_cat-markning-pallstall","7":"product_tag-gul","8":"product_shipping_class-tunga-paket","9":"pa_brands-durable","10":"pa_farg-gul","11":"tm-no-options","13":"first","14":"instock","15":"sale","16":"taxable","17":"shipping-taxable","18":"purchasable","19":"product-type-simple"},"acf":[],"_links":{"self":[{"href":"https:\/\/secureus.se\/dk\/wp-json\/wp\/v2\/product\/115395","targetHints":{"allow":["GET"]}}],"collection":[{"href":"https:\/\/secureus.se\/dk\/wp-json\/wp\/v2\/product"}],"about":[{"href":"https:\/\/secureus.se\/dk\/wp-json\/wp\/v2\/types\/product"}],"wp:featuredmedia":[{"embeddable":true,"href":"https:\/\/secureus.se\/dk\/wp-json\/wp\/v2\/media\/133572"}],"wp:attachment":[{"href":"https:\/\/secureus.se\/dk\/wp-json\/wp\/v2\/media?parent=115395"}],"wp:term":[{"taxonomy":"product_brand","embeddable":true,"href":"https:\/\/secureus.se\/dk\/wp-json\/wp\/v2\/product_brand?post=115395"},{"taxonomy":"product_cat","embeddable":true,"href":"https:\/\/secureus.se\/dk\/wp-json\/wp\/v2\/product_cat?post=115395"},{"taxonomy":"product_tag","embeddable":true,"href":"https:\/\/secureus.se\/dk\/wp-json\/wp\/v2\/product_tag?post=115395"}],"curies":[{"name":"wp","href":"https:\/\/api.w.org\/{rel}","templated":true}]}}