{"id":115421,"date":"2024-11-20T14:14:35","date_gmt":"2024-11-20T13:14:35","guid":{"rendered":"https:\/\/secureus.se\/?post_type=product&#038;p=115421"},"modified":"2026-01-12T12:48:27","modified_gmt":"2026-01-12T11:48:27","slug":"namnskylt-konvex-40x75-nal-klamfaste-2","status":"publish","type":"product","link":"https:\/\/secureus.se\/dk\/namnskylt-konvex-40x75-nal-klamfaste-2\/","title":{"rendered":"Navneskilt konveks 40\u00d775, stift\/clips fastg\u00f8relse"},"content":{"rendered":"<p>Konferencedeltagere, bes\u00f8gende p\u00e5 virksomheder, personale p\u00e5 messer, i butikker, servicefag og s\u00e6lgere - listen kan udvides, hvor der er behov for navneskilte i forskellige st\u00f8rrelser, udformninger og fastg\u00f8relsesmuligheder. Dette skilt p\u00e5 40x75mm er lavet i akryl og let konveks, hvilket g\u00f8r teksten ekstra let at l\u00e6se. Roterbar kombinationsklemme, der giver dig mulighed for hvordan skiltet skal fastg\u00f8res. Tommelfingergreb g\u00f8r det nemt at fjerne kortet. Hvide etiketter medf\u00f8lger. Etiketter p\u00e5 A4-ark til print i printere kan bestilles separat. Brug det gratis program DURAPRINT\u00ae, der er tilg\u00e6ngeligt p\u00e5 www.duraprint.se, til at skabe og udskrive stilfulde navnelabels.<br \/>\nTilbeh\u00f8r:<br \/>\nBadgemaker\u00ae-etiketter p\u00e5 A4-ark til udskrivning i printer, varenr<\/p>","protected":false},"excerpt":{"rendered":"<p>Letv\u00e6gts konveks akryl navneskilt, der kan fastg\u00f8res med en sikkerhedsn\u00e5l eller clips. Diskret men stadig fuldt synlig st\u00f8rrelse 40x75mm. 25 stk\/kasse<\/p>","protected":false},"featured_media":133615,"template":"","meta":{"_acf_changed":false},"product_brand":[],"product_cat":[4282],"product_tag":[4376],"class_list":{"0":"post-115421","1":"product","2":"type-product","3":"status-publish","4":"has-post-thumbnail","6":"product_cat-namnskyltar-med-nal","7":"product_tag-transparent","8":"product_shipping_class-tunga-paket","9":"pa_brands-durable","10":"pa_farg-transparent","11":"tm-no-options","13":"first","14":"instock","15":"sale","16":"taxable","17":"shipping-taxable","18":"purchasable","19":"product-type-simple"},"acf":[],"_links":{"self":[{"href":"https:\/\/secureus.se\/dk\/wp-json\/wp\/v2\/product\/115421","targetHints":{"allow":["GET"]}}],"collection":[{"href":"https:\/\/secureus.se\/dk\/wp-json\/wp\/v2\/product"}],"about":[{"href":"https:\/\/secureus.se\/dk\/wp-json\/wp\/v2\/types\/product"}],"wp:featuredmedia":[{"embeddable":true,"href":"https:\/\/secureus.se\/dk\/wp-json\/wp\/v2\/media\/133615"}],"wp:attachment":[{"href":"https:\/\/secureus.se\/dk\/wp-json\/wp\/v2\/media?parent=115421"}],"wp:term":[{"taxonomy":"product_brand","embeddable":true,"href":"https:\/\/secureus.se\/dk\/wp-json\/wp\/v2\/product_brand?post=115421"},{"taxonomy":"product_cat","embeddable":true,"href":"https:\/\/secureus.se\/dk\/wp-json\/wp\/v2\/product_cat?post=115421"},{"taxonomy":"product_tag","embeddable":true,"href":"https:\/\/secureus.se\/dk\/wp-json\/wp\/v2\/product_tag?post=115421"}],"curies":[{"name":"wp","href":"https:\/\/api.w.org\/{rel}","templated":true}]}}