{"id":115429,"date":"2024-11-20T14:10:40","date_gmt":"2024-11-20T13:10:40","guid":{"rendered":"https:\/\/secureus.se\/?post_type=product&#038;p=115429"},"modified":"2025-09-15T12:41:47","modified_gmt":"2025-09-15T10:41:47","slug":"golvmarkeringstejp-duraline50-12-2","status":"publish","type":"product","link":"https:\/\/secureus.se\/dk\/golvmarkeringstejp-duraline50-12-2\/","title":{"rendered":"Gulvmarkeringstape DURALINE\u00ae50\/12"},"content":{"rendered":"<p>Selvkl\u00e6bende, ekstra kraftig markeringstape til indend\u00f8rs brug. Anvendes til permanent afm\u00e6rkning af omr\u00e5der, der kr\u00e6ver opm\u00e6rksomhed, f.eks. trafikzoner og afsp\u00e6rrede omr\u00e5der. Fastg\u00f8res til rene og t\u00f8rre betongulve. Holdbar og holdbar med anti-skrid rating R10 i henhold til DIN51130. Affasede kanter.<br \/>\nDimensioner (B x L): Rulle p\u00e5 30 m, 50 mm bred, tykkelse 1,2 mm<\/p>","protected":false},"excerpt":{"rendered":"<p>Selvkl\u00e6bende ensfarvet gulvmarkeringstape til at skabe orden og sikkerhed p\u00e5 lagre og industri. 1,2 mm tyk<\/p>","protected":false},"featured_media":133826,"template":"","meta":{"_acf_changed":false},"product_brand":[],"product_cat":[4303],"product_tag":[4396],"class_list":{"0":"post-115429","1":"product","2":"type-product","3":"status-publish","4":"has-post-thumbnail","6":"product_cat-golvtejp","7":"product_tag-vit","8":"pa_brands-durable","9":"pa_farg-vit","10":"tm-no-options","12":"first","13":"instock","14":"sale","15":"taxable","16":"shipping-taxable","17":"purchasable","18":"product-type-simple"},"acf":[],"_links":{"self":[{"href":"https:\/\/secureus.se\/dk\/wp-json\/wp\/v2\/product\/115429","targetHints":{"allow":["GET"]}}],"collection":[{"href":"https:\/\/secureus.se\/dk\/wp-json\/wp\/v2\/product"}],"about":[{"href":"https:\/\/secureus.se\/dk\/wp-json\/wp\/v2\/types\/product"}],"wp:featuredmedia":[{"embeddable":true,"href":"https:\/\/secureus.se\/dk\/wp-json\/wp\/v2\/media\/133826"}],"wp:attachment":[{"href":"https:\/\/secureus.se\/dk\/wp-json\/wp\/v2\/media?parent=115429"}],"wp:term":[{"taxonomy":"product_brand","embeddable":true,"href":"https:\/\/secureus.se\/dk\/wp-json\/wp\/v2\/product_brand?post=115429"},{"taxonomy":"product_cat","embeddable":true,"href":"https:\/\/secureus.se\/dk\/wp-json\/wp\/v2\/product_cat?post=115429"},{"taxonomy":"product_tag","embeddable":true,"href":"https:\/\/secureus.se\/dk\/wp-json\/wp\/v2\/product_tag?post=115429"}],"curies":[{"name":"wp","href":"https:\/\/api.w.org\/{rel}","templated":true}]}}