{"id":115434,"date":"2024-12-07T15:21:15","date_gmt":"2024-12-07T14:21:15","guid":{"rendered":"https:\/\/secureus.se\/?post_type=product&#038;p=115434"},"modified":"2026-01-12T12:53:02","modified_gmt":"2026-01-12T11:53:02","slug":"plastkortskrivare-duracard-id-300","status":"publish","type":"product","link":"https:\/\/secureus.se\/dk\/plastkortskrivare-duracard-id-300\/","title":{"rendered":"Plastkortprinter DURACARD ID 300"},"content":{"rendered":"<p>Plastkort printer inkl. YMCKO farveb\u00e5nd til farveprint i fotokvalitet og 100 plastikkort i kreditkortformat. Trykningen p\u00e5 kortene er udfaldsdato, vandafvisende og kan printes i flerfarvet eller sort\/hvid sort. B\u00e5de printerens magasin og udskriftsbakke rummer 25 tykke (0,75 mm) eller 40 tynde (0,5 mm) kort. Lav dit eget design p\u00e5 kortet ved hj\u00e6lp af det gratis program DURAPRINT\u00ae, tilg\u00e6ngeligt p\u00e5 www.duraprint.se. Kortene er perfekte at kombinere med Durables udvalg af kortholdere og tilbeh\u00f8r. Printhastighed farve 38 sek\/kort = 95 kort\/time, sort 11 sek\/kort = 325 kort\/time. 16 MB hukommelse (RAM), USB 2.0 (kompatibel med USB 1.1 og 3.0). Systemkrav Krav til brug med pc: Windows XP SP3, VISTA, 7 og 8 eller h\u00f8jere. MAC: MAC OS X 10.6 eller nyere, Intel-processor. Til b\u00e5de PC og MAC: 512 MB RAM, 1024\u00d7768 pixel opl\u00f8sning, 1 USB-port.<\/p>","protected":false},"excerpt":{"rendered":"<p>Plastkortprinter inkl. YMCKO farveb\u00e5nd til farvetryk og 100 plastikkort.<\/p>","protected":false},"featured_media":135556,"template":"","meta":{"_acf_changed":false},"product_brand":[],"product_cat":[4344,4347],"product_tag":[],"class_list":{"0":"post-115434","1":"product","2":"type-product","3":"status-publish","4":"has-post-thumbnail","6":"product_cat-duracard","7":"product_cat-kortskrivare-tillbehor-duracard","8":"product_shipping_class-tunga-paket","9":"pa_brands-durable","10":"tm-no-options","12":"first","13":"instock","14":"sale","15":"taxable","16":"shipping-taxable","17":"purchasable","18":"product-type-simple"},"acf":[],"_links":{"self":[{"href":"https:\/\/secureus.se\/dk\/wp-json\/wp\/v2\/product\/115434","targetHints":{"allow":["GET"]}}],"collection":[{"href":"https:\/\/secureus.se\/dk\/wp-json\/wp\/v2\/product"}],"about":[{"href":"https:\/\/secureus.se\/dk\/wp-json\/wp\/v2\/types\/product"}],"wp:featuredmedia":[{"embeddable":true,"href":"https:\/\/secureus.se\/dk\/wp-json\/wp\/v2\/media\/135556"}],"wp:attachment":[{"href":"https:\/\/secureus.se\/dk\/wp-json\/wp\/v2\/media?parent=115434"}],"wp:term":[{"taxonomy":"product_brand","embeddable":true,"href":"https:\/\/secureus.se\/dk\/wp-json\/wp\/v2\/product_brand?post=115434"},{"taxonomy":"product_cat","embeddable":true,"href":"https:\/\/secureus.se\/dk\/wp-json\/wp\/v2\/product_cat?post=115434"},{"taxonomy":"product_tag","embeddable":true,"href":"https:\/\/secureus.se\/dk\/wp-json\/wp\/v2\/product_tag?post=115434"}],"curies":[{"name":"wp","href":"https:\/\/api.w.org\/{rel}","templated":true}]}}