{"id":115451,"date":"2024-11-20T14:11:57","date_gmt":"2024-11-20T13:11:57","guid":{"rendered":"https:\/\/secureus.se\/?post_type=product&#038;p=115451"},"modified":"2026-01-12T12:48:19","modified_gmt":"2026-01-12T11:48:19","slug":"namnskylt-40x75-fickklaff","status":"publish","type":"product","link":"https:\/\/secureus.se\/dk\/namnskylt-40x75-fickklaff\/","title":{"rendered":"Navneskilt 40\u00d775 lommeklap"},"content":{"rendered":"<p>Konferencedeltagere, bes\u00f8gende p\u00e5 virksomheder, personale p\u00e5 messer, i butikker, servicefag og s\u00e6lgere - listen kan udvides, hvor der er behov for navneskilte i forskellige st\u00f8rrelser, udformninger og fastg\u00f8relsesmuligheder. Dette akrylskilt fastg\u00f8res ved at glide ned p\u00e5 kanten af brystlommen, s\u00e5 selve navneskiltet 40x75mm er synligt og bagsiden (75mm) er p\u00e5 indersiden af lommen. Hvide etiketter medf\u00f8lger. Etiketter p\u00e5 A4-ark til print i printere kan bestilles separat. Brug det gratis program DURAPRINT\u00ae, der er tilg\u00e6ngeligt p\u00e5 www.duraprint.se, til at skabe og udskrive stilfulde navnelabels.<br \/>\nTilbeh\u00f8r:<br \/>\nBadgemaker\u00ae-etiketter p\u00e5 A4-ark til udskrivning i printer, varenr<\/p>","protected":false},"excerpt":{"rendered":"<p>Navneskilt i akryl med lommeklap. Diskret men stadig fuldt synlig st\u00f8rrelse 40x75mm. 25 stk\/kasse<\/p>","protected":false},"featured_media":133600,"template":"","meta":{"_acf_changed":false},"product_brand":[],"product_cat":[4273],"product_tag":[4376],"class_list":{"0":"post-115451","1":"product","2":"type-product","3":"status-publish","4":"has-post-thumbnail","6":"product_cat-namnskyltar-utan-faste","7":"product_tag-transparent","8":"product_shipping_class-tunga-paket","9":"pa_brands-durable","10":"pa_farg-transparent","11":"tm-no-options","13":"first","14":"instock","15":"sale","16":"taxable","17":"shipping-taxable","18":"purchasable","19":"product-type-simple"},"acf":[],"_links":{"self":[{"href":"https:\/\/secureus.se\/dk\/wp-json\/wp\/v2\/product\/115451","targetHints":{"allow":["GET"]}}],"collection":[{"href":"https:\/\/secureus.se\/dk\/wp-json\/wp\/v2\/product"}],"about":[{"href":"https:\/\/secureus.se\/dk\/wp-json\/wp\/v2\/types\/product"}],"wp:featuredmedia":[{"embeddable":true,"href":"https:\/\/secureus.se\/dk\/wp-json\/wp\/v2\/media\/133600"}],"wp:attachment":[{"href":"https:\/\/secureus.se\/dk\/wp-json\/wp\/v2\/media?parent=115451"}],"wp:term":[{"taxonomy":"product_brand","embeddable":true,"href":"https:\/\/secureus.se\/dk\/wp-json\/wp\/v2\/product_brand?post=115451"},{"taxonomy":"product_cat","embeddable":true,"href":"https:\/\/secureus.se\/dk\/wp-json\/wp\/v2\/product_cat?post=115451"},{"taxonomy":"product_tag","embeddable":true,"href":"https:\/\/secureus.se\/dk\/wp-json\/wp\/v2\/product_tag?post=115451"}],"curies":[{"name":"wp","href":"https:\/\/api.w.org\/{rel}","templated":true}]}}