{"id":115473,"date":"2024-11-20T14:11:59","date_gmt":"2024-11-20T13:11:59","guid":{"rendered":"https:\/\/secureus.se\/?post_type=product&#038;p=115473"},"modified":"2026-01-12T12:52:12","modified_gmt":"2026-01-12T11:52:12","slug":"namnskylt-40x75-nalfaste-10-pack","status":"publish","type":"product","link":"https:\/\/secureus.se\/dk\/namnskylt-40x75-nalfaste-10-pack\/","title":{"rendered":"Navneskilt 40\u00d775, stiftholder 10-pak"},"content":{"rendered":"<p>Konferencedeltagere, bes\u00f8gende p\u00e5 virksomheder, personale p\u00e5 messer, i butikker, servicefag og s\u00e6lgere - listen kan udvides, hvor der er behov for navneskilte i forskellige st\u00f8rrelser, udformninger og fastg\u00f8relsesmuligheder. Dette er et klassisk enkelt navneskilt 40x75mm med gennemt\u00e6nkte funktioner; S-formet n\u00e5l forhindrer navneskiltet i at vrikke nedad, n\u00e5r det er fastgjort til t\u00f8jet, n\u00e5lespidsen er beskyttet, s\u00e5 den ikke prikker b\u00e6reren, og tommelfingergreb g\u00f8r det nemt at fjerne kortet. Der medf\u00f8lger hvide etiketter i en strimmel. Etiketter p\u00e5 A4-ark til print i printere kan bestilles separat. Brug det gratis program DURAPRINT\u00ae, der er tilg\u00e6ngeligt p\u00e5 www.duraprint.se, til at skabe og udskrive stilfulde navnelabels.<br \/>\nTilbeh\u00f8r:<br \/>\nBadgemaker\u00ae-etiketter p\u00e5 A4-ark til udskrivning i printer, varenr<\/p>","protected":false},"excerpt":{"rendered":"<p>Navneskilt, der fastg\u00f8res med en sikkerhedsn\u00e5l. Diskret men stadig fuldt synlig st\u00f8rrelse 40x75mm. 10 stk\/kasse<\/p>","protected":false},"featured_media":134646,"template":"","meta":{"_acf_changed":false},"product_brand":[],"product_cat":[4282],"product_tag":[4376],"class_list":{"0":"post-115473","1":"product","2":"type-product","3":"status-publish","4":"has-post-thumbnail","6":"product_cat-namnskyltar-med-nal","7":"product_tag-transparent","8":"product_shipping_class-tunga-paket","9":"pa_brands-durable","10":"pa_farg-transparent","11":"tm-no-options","13":"first","14":"instock","15":"sale","16":"taxable","17":"shipping-taxable","18":"purchasable","19":"product-type-simple"},"acf":[],"_links":{"self":[{"href":"https:\/\/secureus.se\/dk\/wp-json\/wp\/v2\/product\/115473","targetHints":{"allow":["GET"]}}],"collection":[{"href":"https:\/\/secureus.se\/dk\/wp-json\/wp\/v2\/product"}],"about":[{"href":"https:\/\/secureus.se\/dk\/wp-json\/wp\/v2\/types\/product"}],"wp:featuredmedia":[{"embeddable":true,"href":"https:\/\/secureus.se\/dk\/wp-json\/wp\/v2\/media\/134646"}],"wp:attachment":[{"href":"https:\/\/secureus.se\/dk\/wp-json\/wp\/v2\/media?parent=115473"}],"wp:term":[{"taxonomy":"product_brand","embeddable":true,"href":"https:\/\/secureus.se\/dk\/wp-json\/wp\/v2\/product_brand?post=115473"},{"taxonomy":"product_cat","embeddable":true,"href":"https:\/\/secureus.se\/dk\/wp-json\/wp\/v2\/product_cat?post=115473"},{"taxonomy":"product_tag","embeddable":true,"href":"https:\/\/secureus.se\/dk\/wp-json\/wp\/v2\/product_tag?post=115473"}],"curies":[{"name":"wp","href":"https:\/\/api.w.org\/{rel}","templated":true}]}}