{"id":115485,"date":"2024-11-20T13:57:47","date_gmt":"2024-11-20T12:57:47","guid":{"rendered":"https:\/\/secureus.se\/?post_type=product&#038;p=115485"},"modified":"2026-01-12T12:26:10","modified_gmt":"2026-01-12T11:26:10","slug":"etiketter-n-149x2105-a5-staende-refill","status":"publish","type":"product","link":"https:\/\/secureus.se\/dk\/etiketter-n-149x2105-a5-staende-refill\/","title":{"rendered":"Etiketter N 149\u00d7210,5 (A5 portr\u00e6t) refill"},"content":{"rendered":"<p>Hvidt 160 gr A4 ark der passer til skilte skiltet INFO SKILT 4803 st\u00e5ende A5 format 149\u00d7210,5mm. Design skiltet ved hj\u00e6lp af det gratis program DURAPRINT\u00ae, der findes p\u00e5 www.duraprint.se, og print med en laserprinter. En pakke indeholder 10 ark med 1 skilteindsats\/ark. Pladerne er perforerede og lette at rive fra hinanden.<\/p>","protected":false},"excerpt":{"rendered":"<p>10 hvide indsatser til skiltet INFOSKILT 4803, lodret A5 (149\u00d7210,5 mm). <\/p>","protected":false},"featured_media":135067,"template":"","meta":{"_acf_changed":false},"product_brand":[],"product_cat":[4265,4263,4206],"product_tag":[4396],"class_list":{"0":"post-115485","1":"product","2":"type-product","3":"status-publish","4":"has-post-thumbnail","6":"product_cat-dorrskyltar-i-alumunium","7":"product_cat-dorrskyltar-i-plast","8":"product_cat-kontor-lager","9":"product_tag-vit","10":"product_shipping_class-tunga-paket","11":"pa_brands-durable","12":"pa_farg-vit","13":"tm-no-options","15":"first","16":"instock","17":"sale","18":"taxable","19":"shipping-taxable","20":"purchasable","21":"product-type-simple"},"acf":[],"_links":{"self":[{"href":"https:\/\/secureus.se\/dk\/wp-json\/wp\/v2\/product\/115485","targetHints":{"allow":["GET"]}}],"collection":[{"href":"https:\/\/secureus.se\/dk\/wp-json\/wp\/v2\/product"}],"about":[{"href":"https:\/\/secureus.se\/dk\/wp-json\/wp\/v2\/types\/product"}],"wp:featuredmedia":[{"embeddable":true,"href":"https:\/\/secureus.se\/dk\/wp-json\/wp\/v2\/media\/135067"}],"wp:attachment":[{"href":"https:\/\/secureus.se\/dk\/wp-json\/wp\/v2\/media?parent=115485"}],"wp:term":[{"taxonomy":"product_brand","embeddable":true,"href":"https:\/\/secureus.se\/dk\/wp-json\/wp\/v2\/product_brand?post=115485"},{"taxonomy":"product_cat","embeddable":true,"href":"https:\/\/secureus.se\/dk\/wp-json\/wp\/v2\/product_cat?post=115485"},{"taxonomy":"product_tag","embeddable":true,"href":"https:\/\/secureus.se\/dk\/wp-json\/wp\/v2\/product_tag?post=115485"}],"curies":[{"name":"wp","href":"https:\/\/api.w.org\/{rel}","templated":true}]}}