{"id":115508,"date":"2024-11-20T14:16:23","date_gmt":"2024-11-20T13:16:23","guid":{"rendered":"https:\/\/secureus.se\/?post_type=product&#038;p=115508"},"modified":"2026-01-12T12:05:33","modified_gmt":"2026-01-12T11:05:33","slug":"plastficka-a5l-med-fastband","status":"publish","type":"product","link":"https:\/\/secureus.se\/dk\/plastficka-a5l-med-fastband\/","title":{"rendered":"Plastlomme A5L med fastg\u00f8relsesstrop"},"content":{"rendered":"<p>Tydelig og omfattende m\u00e6rkning af skabe, d\u00f8re, beholdere og v\u00e6gge af netgitter forbedrer og str\u00f8mliner arbejdsprocessen p\u00e5 lagre og i produktionsfaciliteter. Plastlommerne lavet af slidst\u00e6rkt polypropylen kan afl\u00e6ses med en scanner. Et overtr\u00e6k betyder, at indl\u00e6gget er beskyttet mod snavs og fugt, ogs\u00e5 udend\u00f8rs. Fastg\u00f8res med to pilformede stropper, der f\u00f8res gennem hullerne i toppen af lommen og derefter fastg\u00f8res til gitteret. En gratis skabelon til etiketten er tilg\u00e6ngelig p\u00e5 www.duraprint.se.<br \/>\nIndvendige m\u00e5l: A5L (210\u00d7148 mm B x H)<br \/>\nYdre m\u00e5l: 223\u00d7380 mm (B x H)<br \/>\nTilbeh\u00f8r: Etiketter p\u00e5 A4-ark, art. nr. 485502<\/p>","protected":false},"excerpt":{"rendered":"<p>Plastlomme med selvl\u00e5sende rem til oph\u00e6ng p\u00e5 forskellige typer net s\u00e5som netv\u00e6gge og netvogne. Med et beskyttelsesd\u00e6ksel over \u00e5bningen.<\/p>","protected":false},"featured_media":133538,"template":"","meta":{"_acf_changed":false},"product_brand":[],"product_cat":[4306],"product_tag":[4387],"class_list":{"0":"post-115508","1":"product","2":"type-product","3":"status-publish","4":"has-post-thumbnail","6":"product_cat-markning-pallstall","7":"product_tag-bla","8":"product_shipping_class-tunga-paket","9":"pa_brands-durable","10":"pa_farg-bla","11":"tm-no-options","13":"first","14":"instock","15":"sale","16":"taxable","17":"shipping-taxable","18":"purchasable","19":"product-type-simple"},"acf":[],"_links":{"self":[{"href":"https:\/\/secureus.se\/dk\/wp-json\/wp\/v2\/product\/115508","targetHints":{"allow":["GET"]}}],"collection":[{"href":"https:\/\/secureus.se\/dk\/wp-json\/wp\/v2\/product"}],"about":[{"href":"https:\/\/secureus.se\/dk\/wp-json\/wp\/v2\/types\/product"}],"wp:featuredmedia":[{"embeddable":true,"href":"https:\/\/secureus.se\/dk\/wp-json\/wp\/v2\/media\/133538"}],"wp:attachment":[{"href":"https:\/\/secureus.se\/dk\/wp-json\/wp\/v2\/media?parent=115508"}],"wp:term":[{"taxonomy":"product_brand","embeddable":true,"href":"https:\/\/secureus.se\/dk\/wp-json\/wp\/v2\/product_brand?post=115508"},{"taxonomy":"product_cat","embeddable":true,"href":"https:\/\/secureus.se\/dk\/wp-json\/wp\/v2\/product_cat?post=115508"},{"taxonomy":"product_tag","embeddable":true,"href":"https:\/\/secureus.se\/dk\/wp-json\/wp\/v2\/product_tag?post=115508"}],"curies":[{"name":"wp","href":"https:\/\/api.w.org\/{rel}","templated":true}]}}